{"id":952,"date":"2025-04-17T08:54:41","date_gmt":"2025-04-17T06:54:41","guid":{"rendered":"https:\/\/kirsch-biopharm.com\/?page_id=952"},"modified":"2025-09-29T10:21:06","modified_gmt":"2025-09-29T08:21:06","slug":"geschaeftsfuehrung","status":"publish","type":"page","link":"https:\/\/kirsch-biopharm.com\/en\/geschaeftsfuehrung\/","title":{"rendered":"Management"},"content":{"rendered":"<div data-elementor-type=\"wp-page\" data-elementor-id=\"952\" class=\"elementor elementor-952\" data-elementor-post-type=\"page\">\n\t\t\t\t<div class=\"elementor-element elementor-element-e4ea8c8 e-con-full e-flex e-con e-parent\" data-id=\"e4ea8c8\" data-element_type=\"container\" data-e-type=\"container\" data-settings=\"{&quot;background_background&quot;:&quot;classic&quot;}\">\n\t\t\t\t<div class=\"elementor-element elementor-element-edbc6f0 elementor-invisible elementor-widget elementor-widget-heading\" data-id=\"edbc6f0\" data-element_type=\"widget\" data-e-type=\"widget\" data-settings=\"{&quot;_animation&quot;:&quot;fadeInUp&quot;}\" data-widget_type=\"heading.default\">\n\t\t\t\t<div class=\"elementor-widget-container\">\n\t\t\t\t\t<h1 class=\"elementor-heading-title elementor-size-default\">Management<\/h1>\t\t\t\t<\/div>\n\t\t\t\t<\/div>\n\t\t\t\t<\/div>\n\t\t<div class=\"elementor-element elementor-element-a1bede2 e-flex e-con-boxed e-con e-parent\" data-id=\"a1bede2\" data-element_type=\"container\" data-e-type=\"container\">\n\t\t\t\t\t<div class=\"e-con-inner\">\n\t\t<div class=\"elementor-element elementor-element-ae7ba62 e-con-full e-flex e-con e-child\" data-id=\"ae7ba62\" data-element_type=\"container\" data-e-type=\"container\">\n\t\t<div class=\"elementor-element elementor-element-9fcb230 e-con-full e-flex e-con e-child\" data-id=\"9fcb230\" data-element_type=\"container\" data-e-type=\"container\" data-settings=\"{&quot;background_background&quot;:&quot;classic&quot;}\">\n\t\t<div class=\"elementor-element elementor-element-94a3def e-con-full e-flex e-con e-child\" data-id=\"94a3def\" data-element_type=\"container\" data-e-type=\"container\" data-settings=\"{&quot;background_background&quot;:&quot;classic&quot;}\">\n\t\t\t\t<div class=\"elementor-element elementor-element-2175640 elementor-widget elementor-widget-heading\" data-id=\"2175640\" data-element_type=\"widget\" data-e-type=\"widget\" data-widget_type=\"heading.default\">\n\t\t\t\t<div class=\"elementor-widget-container\">\n\t\t\t\t\t<p class=\"elementor-heading-title elementor-size-default\">Heinz-J\u00fcrgen Kirsch, Inhaber &amp; CEO<\/p>\t\t\t\t<\/div>\n\t\t\t\t<\/div>\n\t\t\t\t<\/div>\n\t\t\t\t<\/div>\n\t\t\t\t<\/div>\n\t\t<div class=\"elementor-element elementor-element-2aa544f e-con-full e-flex e-con e-child\" data-id=\"2aa544f\" data-element_type=\"container\" data-e-type=\"container\">\n\t\t\t\t<div class=\"elementor-element elementor-element-c1b49e8 elementor-widget elementor-widget-text-editor\" data-id=\"c1b49e8\" data-element_type=\"widget\" data-e-type=\"widget\" data-widget_type=\"text-editor.default\">\n\t\t\t\t<div class=\"elementor-widget-container\">\n\t\t\t\t\t\t\t\t\t<p class=\"\" data-start=\"90\" data-end=\"125\">Dear Business Partner,<\/p><p class=\"\" data-start=\"127\" data-end=\"390\">Our business has guaranteed custom-made solutions of premium quality since 1980. We are an independent, ownermanaged company with a lean structure and passionate experts in our sector, allowing us to implement your specialized requirements with precision at any time.<\/p><p class=\"\" data-start=\"392\" data-end=\"749\">We offer personal advice locally through\nour staff, subsidiary companies and our representatives abroad. We always ensure the\nexact quality required through our expertise,\ncommitment, internally certified laboratory technology, and long-term partnerships with reliable suppliers.<\/p><p class=\"\" data-start=\"751\" data-end=\"1112\">The development of our business is the\nresult of a steadfast commitment to innovation,\nquality, and the pursuit of excellence in the pharmaceutical environment. We confirm our dedication to promoting healthcare worldwide with each and every success story. Kirsch BioPharm GmbH is a clear expression of this attitude, through which we are redefining the future of the healthcare sector.<\/p><p class=\"\" data-start=\"1114\" data-end=\"1160\">Best regards,<br data-start=\"1138\" data-end=\"1141\" \/>Heinz-J\u00fcrgen Kirsch<\/p>\t\t\t\t\t\t\t\t<\/div>\n\t\t\t\t<\/div>\n\t\t\t\t<\/div>\n\t\t\t\t\t<\/div>\n\t\t\t\t<\/div>\n\t\t<div class=\"elementor-element elementor-element-5cdd050 e-flex e-con-boxed e-con e-parent\" data-id=\"5cdd050\" data-element_type=\"container\" data-e-type=\"container\">\n\t\t\t\t\t<div class=\"e-con-inner\">\n\t\t<div class=\"elementor-element elementor-element-22c77fd e-con-full elementor-hidden-desktop e-flex e-con e-child\" data-id=\"22c77fd\" data-element_type=\"container\" data-e-type=\"container\">\n\t\t<div class=\"elementor-element elementor-element-7a0e732 e-con-full e-flex e-con e-child\" data-id=\"7a0e732\" data-element_type=\"container\" data-e-type=\"container\" data-settings=\"{&quot;background_background&quot;:&quot;classic&quot;}\">\n\t\t<div class=\"elementor-element elementor-element-cee7ef2 e-con-full e-flex e-con e-child\" data-id=\"cee7ef2\" data-element_type=\"container\" data-e-type=\"container\" data-settings=\"{&quot;background_background&quot;:&quot;classic&quot;}\">\n\t\t\t\t<div class=\"elementor-element elementor-element-148b574 elementor-widget elementor-widget-heading\" data-id=\"148b574\" data-element_type=\"widget\" data-e-type=\"widget\" data-widget_type=\"heading.default\">\n\t\t\t\t<div class=\"elementor-widget-container\">\n\t\t\t\t\t<p class=\"elementor-heading-title elementor-size-default\">Dr. Yaser Dezhkam, General Manager<\/p>\t\t\t\t<\/div>\n\t\t\t\t<\/div>\n\t\t\t\t<\/div>\n\t\t\t\t<\/div>\n\t\t\t\t<\/div>\n\t\t<div class=\"elementor-element elementor-element-eefa738 e-con-full e-flex e-con e-child\" data-id=\"eefa738\" data-element_type=\"container\" data-e-type=\"container\">\n\t\t\t\t<div class=\"elementor-element elementor-element-b59e980 elementor-widget elementor-widget-text-editor\" data-id=\"b59e980\" data-element_type=\"widget\" data-e-type=\"widget\" data-widget_type=\"text-editor.default\">\n\t\t\t\t<div class=\"elementor-widget-container\">\n\t\t\t\t\t\t\t\t\t<p class=\"\" data-start=\"1167\" data-end=\"1202\">Dear Business Partner,<\/p><p class=\"\" data-start=\"1204\" data-end=\"1529\">At Kirsch BioPharm, we take pride in being a pioneering company in the fields of dietary supplements and pharmaceuticals. As part of the Kirsch Pharma Group, founded in 1980, we uphold a legacy of excellence in producing high-quality formulations that meet the highest industry standards.<\/p><p class=\"\" data-start=\"1531\" data-end=\"2271\">Operating under strict GMP regulations, our German manufacturing site ensures that every product we develop reflects our commitment to quality, safety, and innovation. Over the past decade, we have successfully established a strong presence in the German market, delivering premium solutions that support health and well-being.<br data-start=\"1865\" data-end=\"1868\" \/>Now, we are expanding our reach beyond Germany, bringing our expertise and high-quality products to the global market.<br data-start=\"2017\" data-end=\"2020\" \/>Our mission is to provide innovative healthcare solutions that meet the evolving needs of international consumers, always maintaining our core values of quality, reliability, and scientific excellence.<\/p><p class=\"\" data-start=\"2273\" data-end=\"2507\">As we continue to grow, we look forward to building strong partnerships worldwide and contributing to a healthier future through our advanced dietary supplements and pharmaceutical products.<\/p><p class=\"\" data-start=\"2509\" data-end=\"2574\">Best regards,<br data-start=\"2533\" data-end=\"2536\" \/>Dr. Yaser Dezhkam<\/p><p data-start=\"2509\" data-end=\"2574\">\u00a0<\/p>\t\t\t\t\t\t\t\t<\/div>\n\t\t\t\t<\/div>\n\t\t\t\t<\/div>\n\t\t<div class=\"elementor-element elementor-element-3c49d97 e-con-full elementor-hidden-tablet elementor-hidden-mobile e-flex e-con e-child\" data-id=\"3c49d97\" data-element_type=\"container\" data-e-type=\"container\">\n\t\t<div class=\"elementor-element elementor-element-be771db e-con-full e-flex e-con e-child\" data-id=\"be771db\" data-element_type=\"container\" data-e-type=\"container\" data-settings=\"{&quot;background_background&quot;:&quot;classic&quot;}\">\n\t\t<div class=\"elementor-element elementor-element-7027e5e e-con-full e-flex e-con e-child\" data-id=\"7027e5e\" data-element_type=\"container\" data-e-type=\"container\" data-settings=\"{&quot;background_background&quot;:&quot;classic&quot;}\">\n\t\t\t\t<div class=\"elementor-element elementor-element-599be92 elementor-widget elementor-widget-heading\" data-id=\"599be92\" data-element_type=\"widget\" data-e-type=\"widget\" data-widget_type=\"heading.default\">\n\t\t\t\t<div class=\"elementor-widget-container\">\n\t\t\t\t\t<p class=\"elementor-heading-title elementor-size-default\">Dr. Yaser Dezhkam, General Manager<\/p>\t\t\t\t<\/div>\n\t\t\t\t<\/div>\n\t\t\t\t<\/div>\n\t\t\t\t<\/div>\n\t\t\t\t<\/div>\n\t\t\t\t\t<\/div>\n\t\t\t\t<\/div>\n\t\t\t\t<\/div>","protected":false},"excerpt":{"rendered":"<p>Gesch\u00e4ftsf\u00fchrung Heinz-J\u00fcrgen Kirsch, Inhaber &#038; CEO Sehr geehrter Gesch\u00e4ftspartner, Seit 1980 stehen wir f\u00fcr ma\u00dfgeschneiderte L\u00f6sungen in Premiumqualit\u00e4t. Als unabh\u00e4ngiges, eigent\u00fcmergef\u00fchrtes Unternehmen mit einer schlanken Struktur und leidenschaftlichen Experten in unserem Bereich setzen wir Ihre speziellen Anforderungen jederzeit pr\u00e4zise um. Durch unser engagiertes Personal, unsere Tochtergesellschaften und unsere Vertreter im Ausland bieten wir Ihnen pers\u00f6nliche [&hellip;]<\/p>\n","protected":false},"author":5,"featured_media":0,"parent":0,"menu_order":0,"comment_status":"closed","ping_status":"closed","template":"","meta":{"_acf_changed":false,"site-sidebar-layout":"no-sidebar","site-content-layout":"page-builder","ast-site-content-layout":"full-width-container","site-content-style":"default","site-sidebar-style":"default","ast-global-header-display":"","ast-banner-title-visibility":"","ast-main-header-display":"","ast-hfb-above-header-display":"","ast-hfb-below-header-display":"","ast-hfb-mobile-header-display":"","site-post-title":"disabled","ast-breadcrumbs-content":"","ast-featured-img":"disabled","footer-sml-layout":"","ast-disable-related-posts":"","theme-transparent-header-meta":"","adv-header-id-meta":"","stick-header-meta":"","header-above-stick-meta":"","header-main-stick-meta":"","header-below-stick-meta":"","astra-migrate-meta-layouts":"set","ast-page-background-enabled":"default","ast-page-background-meta":{"desktop":{"background-color":"","background-image":"","background-repeat":"repeat","background-position":"center center","background-size":"auto","background-attachment":"scroll","background-type":"","background-media":"","overlay-type":"","overlay-color":"","overlay-opacity":"","overlay-gradient":""},"tablet":{"background-color":"","background-image":"","background-repeat":"repeat","background-position":"center center","background-size":"auto","background-attachment":"scroll","background-type":"","background-media":"","overlay-type":"","overlay-color":"","overlay-opacity":"","overlay-gradient":""},"mobile":{"background-color":"","background-image":"","background-repeat":"repeat","background-position":"center center","background-size":"auto","background-attachment":"scroll","background-type":"","background-media":"","overlay-type":"","overlay-color":"","overlay-opacity":"","overlay-gradient":""}},"ast-content-background-meta":{"desktop":{"background-color":"var(--ast-global-color-5)","background-image":"","background-repeat":"repeat","background-position":"center center","background-size":"auto","background-attachment":"scroll","background-type":"","background-media":"","overlay-type":"","overlay-color":"","overlay-opacity":"","overlay-gradient":""},"tablet":{"background-color":"var(--ast-global-color-5)","background-image":"","background-repeat":"repeat","background-position":"center center","background-size":"auto","background-attachment":"scroll","background-type":"","background-media":"","overlay-type":"","overlay-color":"","overlay-opacity":"","overlay-gradient":""},"mobile":{"background-color":"var(--ast-global-color-5)","background-image":"","background-repeat":"repeat","background-position":"center center","background-size":"auto","background-attachment":"scroll","background-type":"","background-media":"","overlay-type":"","overlay-color":"","overlay-opacity":"","overlay-gradient":""}},"footnotes":""},"class_list":["post-952","page","type-page","status-publish","hentry"],"acf":[],"_links":{"self":[{"href":"https:\/\/kirsch-biopharm.com\/en\/wp-json\/wp\/v2\/pages\/952","targetHints":{"allow":["GET"]}}],"collection":[{"href":"https:\/\/kirsch-biopharm.com\/en\/wp-json\/wp\/v2\/pages"}],"about":[{"href":"https:\/\/kirsch-biopharm.com\/en\/wp-json\/wp\/v2\/types\/page"}],"author":[{"embeddable":true,"href":"https:\/\/kirsch-biopharm.com\/en\/wp-json\/wp\/v2\/users\/5"}],"replies":[{"embeddable":true,"href":"https:\/\/kirsch-biopharm.com\/en\/wp-json\/wp\/v2\/comments?post=952"}],"version-history":[{"count":91,"href":"https:\/\/kirsch-biopharm.com\/en\/wp-json\/wp\/v2\/pages\/952\/revisions"}],"predecessor-version":[{"id":2967,"href":"https:\/\/kirsch-biopharm.com\/en\/wp-json\/wp\/v2\/pages\/952\/revisions\/2967"}],"wp:attachment":[{"href":"https:\/\/kirsch-biopharm.com\/en\/wp-json\/wp\/v2\/media?parent=952"}],"curies":[{"name":"wp","href":"https:\/\/api.w.org\/{rel}","templated":true}]}}