{"id":2573,"date":"2025-04-29T11:38:18","date_gmt":"2025-04-29T09:38:18","guid":{"rendered":"https:\/\/kirsch-biopharm.com\/?page_id=2573"},"modified":"2025-09-29T10:42:16","modified_gmt":"2025-09-29T08:42:16","slug":"agb","status":"publish","type":"page","link":"https:\/\/kirsch-biopharm.com\/en\/agb\/","title":{"rendered":"GTCT"},"content":{"rendered":"<div data-elementor-type=\"wp-page\" data-elementor-id=\"2573\" class=\"elementor elementor-2573\" data-elementor-post-type=\"page\">\n\t\t\t\t<div class=\"elementor-element elementor-element-298adf6 e-flex e-con-boxed e-con e-parent\" data-id=\"298adf6\" data-element_type=\"container\" data-e-type=\"container\">\n\t\t\t\t\t<div class=\"e-con-inner\">\n\t\t<div class=\"elementor-element elementor-element-df53f90 e-con-full e-flex e-con e-child\" data-id=\"df53f90\" data-element_type=\"container\" data-e-type=\"container\">\n\t\t\t\t<div class=\"elementor-element elementor-element-61412f2 elementor-invisible elementor-widget elementor-widget-heading\" data-id=\"61412f2\" data-element_type=\"widget\" data-e-type=\"widget\" data-settings=\"{&quot;_animation&quot;:&quot;fadeInUp&quot;}\" data-widget_type=\"heading.default\">\n\t\t\t\t<div class=\"elementor-widget-container\">\n\t\t\t\t\t<h1 class=\"elementor-heading-title elementor-size-default\">GTCT<\/h1>\t\t\t\t<\/div>\n\t\t\t\t<\/div>\n\t\t\t\t<\/div>\n\t\t<div class=\"elementor-element elementor-element-97fbd25 e-flex e-con-boxed e-con e-child\" data-id=\"97fbd25\" data-element_type=\"container\" data-e-type=\"container\">\n\t\t\t\t\t<div class=\"e-con-inner\">\n\t\t\t\t<div class=\"elementor-element elementor-element-e166142 elementor-widget elementor-widget-text-editor\" data-id=\"e166142\" data-element_type=\"widget\" data-e-type=\"widget\" data-widget_type=\"text-editor.default\">\n\t\t\t\t<div class=\"elementor-widget-container\">\n\t\t\t\t\t\t\t\t\t<p><br \/><a href=\"https:\/\/kirsch-biopharm.com\/wp-content\/uploads\/2025\/04\/AGB_DE_2024.pdf\" target=\"_blank\" rel=\"noopener\">Click here<\/a>, to open our General Terms and Conditions in PDF format.<\/p><p>Problems opening the PDF? <a href=\"https:\/\/get.adobe.com\/de\/reader\/\" target=\"_blank\" rel=\"noopener\">Click here<\/a>, to download the Adobe PDF Reader for your system.<\/p>\t\t\t\t\t\t\t\t<\/div>\n\t\t\t\t<\/div>\n\t\t\t\t\t<\/div>\n\t\t\t\t<\/div>\n\t\t\t\t\t<\/div>\n\t\t\t\t<\/div>\n\t\t\t\t<\/div>","protected":false},"excerpt":{"rendered":"<p>AGB Hier klicken, um unsere Allgemeinen Gesch\u00e4ftsbedingungen im PDF-Format zu \u00f6ffnen. Probleme beim \u00f6ffnen der PDF? Hier klicken, um den Adobe PDF-Reader f\u00fcr Ihr System herunterzuladen.<\/p>","protected":false},"author":5,"featured_media":0,"parent":0,"menu_order":0,"comment_status":"closed","ping_status":"closed","template":"","meta":{"_acf_changed":false,"site-sidebar-layout":"no-sidebar","site-content-layout":"page-builder","ast-site-content-layout":"full-width-container","site-content-style":"default","site-sidebar-style":"default","ast-global-header-display":"","ast-banner-title-visibility":"","ast-main-header-display":"","ast-hfb-above-header-display":"","ast-hfb-below-header-display":"","ast-hfb-mobile-header-display":"","site-post-title":"disabled","ast-breadcrumbs-content":"","ast-featured-img":"disabled","footer-sml-layout":"","ast-disable-related-posts":"","theme-transparent-header-meta":"","adv-header-id-meta":"","stick-header-meta":"","header-above-stick-meta":"","header-main-stick-meta":"","header-below-stick-meta":"","astra-migrate-meta-layouts":"default","ast-page-background-enabled":"default","ast-page-background-meta":{"desktop":{"background-color":"","background-image":"","background-repeat":"repeat","background-position":"center center","background-size":"auto","background-attachment":"scroll","background-type":"","background-media":"","overlay-type":"","overlay-color":"","overlay-opacity":"","overlay-gradient":""},"tablet":{"background-color":"","background-image":"","background-repeat":"repeat","background-position":"center center","background-size":"auto","background-attachment":"scroll","background-type":"","background-media":"","overlay-type":"","overlay-color":"","overlay-opacity":"","overlay-gradient":""},"mobile":{"background-color":"","background-image":"","background-repeat":"repeat","background-position":"center center","background-size":"auto","background-attachment":"scroll","background-type":"","background-media":"","overlay-type":"","overlay-color":"","overlay-opacity":"","overlay-gradient":""}},"ast-content-background-meta":{"desktop":{"background-color":"var(--ast-global-color-5)","background-image":"","background-repeat":"repeat","background-position":"center center","background-size":"auto","background-attachment":"scroll","background-type":"","background-media":"","overlay-type":"","overlay-color":"","overlay-opacity":"","overlay-gradient":""},"tablet":{"background-color":"var(--ast-global-color-5)","background-image":"","background-repeat":"repeat","background-position":"center center","background-size":"auto","background-attachment":"scroll","background-type":"","background-media":"","overlay-type":"","overlay-color":"","overlay-opacity":"","overlay-gradient":""},"mobile":{"background-color":"var(--ast-global-color-5)","background-image":"","background-repeat":"repeat","background-position":"center center","background-size":"auto","background-attachment":"scroll","background-type":"","background-media":"","overlay-type":"","overlay-color":"","overlay-opacity":"","overlay-gradient":""}},"footnotes":""},"class_list":["post-2573","page","type-page","status-publish","hentry"],"acf":[],"_links":{"self":[{"href":"https:\/\/kirsch-biopharm.com\/en\/wp-json\/wp\/v2\/pages\/2573","targetHints":{"allow":["GET"]}}],"collection":[{"href":"https:\/\/kirsch-biopharm.com\/en\/wp-json\/wp\/v2\/pages"}],"about":[{"href":"https:\/\/kirsch-biopharm.com\/en\/wp-json\/wp\/v2\/types\/page"}],"author":[{"embeddable":true,"href":"https:\/\/kirsch-biopharm.com\/en\/wp-json\/wp\/v2\/users\/5"}],"replies":[{"embeddable":true,"href":"https:\/\/kirsch-biopharm.com\/en\/wp-json\/wp\/v2\/comments?post=2573"}],"version-history":[{"count":24,"href":"https:\/\/kirsch-biopharm.com\/en\/wp-json\/wp\/v2\/pages\/2573\/revisions"}],"predecessor-version":[{"id":3018,"href":"https:\/\/kirsch-biopharm.com\/en\/wp-json\/wp\/v2\/pages\/2573\/revisions\/3018"}],"wp:attachment":[{"href":"https:\/\/kirsch-biopharm.com\/en\/wp-json\/wp\/v2\/media?parent=2573"}],"curies":[{"name":"wp","href":"https:\/\/api.w.org\/{rel}","templated":true}]}}