{"id":2086,"date":"2025-04-24T15:04:54","date_gmt":"2025-04-24T13:04:54","guid":{"rendered":"https:\/\/kirsch-biopharm.com\/?page_id=2086"},"modified":"2025-09-29T10:33:16","modified_gmt":"2025-09-29T08:33:16","slug":"innovation","status":"publish","type":"page","link":"https:\/\/kirsch-biopharm.com\/en\/innovation\/","title":{"rendered":"Innovation"},"content":{"rendered":"<div data-elementor-type=\"wp-page\" data-elementor-id=\"2086\" class=\"elementor elementor-2086\" data-elementor-post-type=\"page\">\n\t\t\t\t<div class=\"elementor-element elementor-element-9f27c12 e-con-full e-flex e-con e-parent\" data-id=\"9f27c12\" data-element_type=\"container\" data-e-type=\"container\" data-settings=\"{&quot;background_background&quot;:&quot;classic&quot;}\">\n\t\t\t\t<div class=\"elementor-element elementor-element-3e84c2a elementor-invisible elementor-widget elementor-widget-heading\" data-id=\"3e84c2a\" data-element_type=\"widget\" data-e-type=\"widget\" data-settings=\"{&quot;_animation&quot;:&quot;fadeInUp&quot;}\" data-widget_type=\"heading.default\">\n\t\t\t\t<div class=\"elementor-widget-container\">\n\t\t\t\t\t<h1 class=\"elementor-heading-title elementor-size-default\">Innovation<\/h1>\t\t\t\t<\/div>\n\t\t\t\t<\/div>\n\t\t\t\t<\/div>\n\t\t<div class=\"elementor-element elementor-element-5dd9b1d e-flex e-con-boxed e-con e-child\" data-id=\"5dd9b1d\" data-element_type=\"container\" data-e-type=\"container\">\n\t\t\t\t\t<div class=\"e-con-inner\">\n\t\t<div class=\"elementor-element elementor-element-05ac1da e-con-full e-flex e-con e-child\" data-id=\"05ac1da\" data-element_type=\"container\" data-e-type=\"container\">\n\t\t\t\t<div class=\"elementor-element elementor-element-541fbe1 elementor-widget elementor-widget-text-editor\" data-id=\"541fbe1\" data-element_type=\"widget\" data-e-type=\"widget\" data-widget_type=\"text-editor.default\">\n\t\t\t\t<div class=\"elementor-widget-container\">\n\t\t\t\t\t\t\t\t\t<p class=\"\" data-start=\"64\" data-end=\"434\">At Kirsch BioPharm, innovation is at the heart of our dietary supplements. We develop scientifically-backed formulations with high-quality ingredients for optimal health. Our advanced research ensures efficacy, safety, and market differentiation. Sustainability and global compliance are key components of our product design. Experience the future of nutrition with our innovative supplement solutions.<\/p>\t\t\t\t\t\t\t\t<\/div>\n\t\t\t\t<\/div>\n\t\t\t\t<\/div>\n\t\t\t\t\t<\/div>\n\t\t\t\t<\/div>\n\t\t<div class=\"elementor-element elementor-element-c3417c8 e-flex e-con-boxed e-con e-parent\" data-id=\"c3417c8\" data-element_type=\"container\" data-e-type=\"container\">\n\t\t\t\t\t<div class=\"e-con-inner\">\n\t\t<div class=\"elementor-element elementor-element-d16fdb8 e-con-full e-flex e-con e-child\" data-id=\"d16fdb8\" data-element_type=\"container\" data-e-type=\"container\">\n\t\t<div class=\"elementor-element elementor-element-98a1f11 e-con-full e-flex e-con e-child\" data-id=\"98a1f11\" data-element_type=\"container\" data-e-type=\"container\">\n\t\t\t\t<div class=\"elementor-element elementor-element-2fb09cc elementor-widget elementor-widget-heading\" data-id=\"2fb09cc\" data-element_type=\"widget\" data-e-type=\"widget\" data-widget_type=\"heading.default\">\n\t\t\t\t<div class=\"elementor-widget-container\">\n\t\t\t\t\t<h2 class=\"elementor-heading-title elementor-size-default\">Forschung &amp; Entwicklung<\/h2>\t\t\t\t<\/div>\n\t\t\t\t<\/div>\n\t\t\t\t<div class=\"elementor-element elementor-element-f2ccdd1 elementor-widget elementor-widget-heading\" data-id=\"f2ccdd1\" data-element_type=\"widget\" data-e-type=\"widget\" data-widget_type=\"heading.default\">\n\t\t\t\t<div class=\"elementor-widget-container\">\n\t\t\t\t\t<h3 class=\"elementor-heading-title elementor-size-default\">Custom-Made Dietary Supplements in Powder Form for Your Needs<\/h3>\t\t\t\t<\/div>\n\t\t\t\t<\/div>\n\t\t\t\t<div class=\"elementor-element elementor-element-d412bec elementor-widget elementor-widget-text-editor\" data-id=\"d412bec\" data-element_type=\"widget\" data-e-type=\"widget\" data-widget_type=\"text-editor.default\">\n\t\t\t\t<div class=\"elementor-widget-container\">\n\t\t\t\t\t\t\t\t\t<p class=\"\" data-start=\"641\" data-end=\"1049\">We understand that every customer has unique requirements for their dietary supplements. That\u2019s why we offer you the opportunity to customize formulations according to your preferences. Whether you need specific ingredients, a particular taste, a certain dosage, or a completely new formulation idea \u2013 we are your partner when it comes to fulfilling your individual needs.<\/p><p class=\"\" data-start=\"1051\" data-end=\"1472\">Our expert team works closely with you to develop high-quality and safe dietary supplements that meet regulatory requirements such as those of the Federal Institute for Risk Assessment (BfR) and the European Food Safety Authority (EFSA). We use certified, high-quality raw materials that are perfectly aligned with your goals and requirements.<\/p><p class=\"\" data-start=\"1474\" data-end=\"1660\">Trust in our years of experience and knowledge in developing powdered dietary supplements, packaged in consumer-friendly sachets (portion bags).<\/p>\t\t\t\t\t\t\t\t<\/div>\n\t\t\t\t<\/div>\n\t\t\t\t<\/div>\n\t\t\t\t<\/div>\n\t\t<div class=\"elementor-element elementor-element-3aa3e98 e-con-full e-flex e-con e-child\" data-id=\"3aa3e98\" data-element_type=\"container\" data-e-type=\"container\">\n\t\t<div class=\"elementor-element elementor-element-403e675 e-con-full e-flex e-con e-child\" data-id=\"403e675\" data-element_type=\"container\" data-e-type=\"container\" data-settings=\"{&quot;background_background&quot;:&quot;classic&quot;}\">\n\t\t<div class=\"elementor-element elementor-element-6726ee3 e-con-full e-flex e-con e-child\" data-id=\"6726ee3\" data-element_type=\"container\" data-e-type=\"container\" data-settings=\"{&quot;background_background&quot;:&quot;classic&quot;}\">\n\t\t\t\t<\/div>\n\t\t<div class=\"elementor-element elementor-element-ba08e13 e-con-full e-flex e-con e-child\" data-id=\"ba08e13\" data-element_type=\"container\" data-e-type=\"container\" data-settings=\"{&quot;background_background&quot;:&quot;classic&quot;}\">\n\t\t\t\t<div class=\"elementor-element elementor-element-37d3b5d elementor-widget elementor-widget-heading\" data-id=\"37d3b5d\" data-element_type=\"widget\" data-e-type=\"widget\" data-widget_type=\"heading.default\">\n\t\t\t\t<div class=\"elementor-widget-container\">\n\t\t\t\t\t<p class=\"elementor-heading-title elementor-size-default\">\"The development of dietary supplements with nutritionally meaningful formulations, specifically tailored to the needs of the target audience, is something I am truly passionate about.\"<\/p>\t\t\t\t<\/div>\n\t\t\t\t<\/div>\n\t\t\t\t<div class=\"elementor-element elementor-element-f1e8c8f elementor-widget elementor-widget-heading\" data-id=\"f1e8c8f\" data-element_type=\"widget\" data-e-type=\"widget\" data-widget_type=\"heading.default\">\n\t\t\t\t<div class=\"elementor-widget-container\">\n\t\t\t\t\t<p class=\"elementor-heading-title elementor-size-default\">Dr. Tina Hoerner - Research and Development<\/p>\t\t\t\t<\/div>\n\t\t\t\t<\/div>\n\t\t\t\t<\/div>\n\t\t\t\t<\/div>\n\t\t\t\t<\/div>\n\t\t\t\t\t<\/div>\n\t\t\t\t<\/div>\n\t\t<div class=\"elementor-element elementor-element-65bb46c e-flex e-con-boxed e-con e-parent\" data-id=\"65bb46c\" data-element_type=\"container\" data-e-type=\"container\" data-settings=\"{&quot;background_background&quot;:&quot;classic&quot;}\">\n\t\t\t\t\t<div class=\"e-con-inner\">\n\t\t\t\t\t<\/div>\n\t\t\t\t<\/div>\n\t\t\t\t<\/div>","protected":false},"excerpt":{"rendered":"<p>Innovation Bei Kirsch BioPharm steht Innovation im Mittelpunkt unserer Nahrungserg\u00e4nzungsmittel. Wir entwickeln wissenschaftlich fundierte Formulierungen mit hochwertigen Inhaltsstoffen f\u00fcr optimale Gesundheit. Unsere fortschrittliche Forschung gew\u00e4hrleistet Wirksamkeit, Sicherheit und Marktdifferenzierung. Nachhaltigkeit und globale Konformit\u00e4t sind zentrale Bestandteile unseres Produktdesigns. Erleben Sie die Zukunft der Ern\u00e4hrung mit unseren innovativen Supplement-L\u00f6sungen. Forschung &#038; Entwicklung Ma\u00dfgeschneiderte Nahrungserg\u00e4nzung in Pulverform [&hellip;]<\/p>\n","protected":false},"author":5,"featured_media":0,"parent":0,"menu_order":0,"comment_status":"closed","ping_status":"closed","template":"","meta":{"_acf_changed":false,"site-sidebar-layout":"no-sidebar","site-content-layout":"page-builder","ast-site-content-layout":"full-width-container","site-content-style":"default","site-sidebar-style":"default","ast-global-header-display":"","ast-banner-title-visibility":"","ast-main-header-display":"","ast-hfb-above-header-display":"","ast-hfb-below-header-display":"","ast-hfb-mobile-header-display":"","site-post-title":"disabled","ast-breadcrumbs-content":"","ast-featured-img":"disabled","footer-sml-layout":"","ast-disable-related-posts":"","theme-transparent-header-meta":"","adv-header-id-meta":"","stick-header-meta":"","header-above-stick-meta":"","header-main-stick-meta":"","header-below-stick-meta":"","astra-migrate-meta-layouts":"set","ast-page-background-enabled":"default","ast-page-background-meta":{"desktop":{"background-color":"","background-image":"","background-repeat":"repeat","background-position":"center center","background-size":"auto","background-attachment":"scroll","background-type":"","background-media":"","overlay-type":"","overlay-color":"","overlay-opacity":"","overlay-gradient":""},"tablet":{"background-color":"","background-image":"","background-repeat":"repeat","background-position":"center center","background-size":"auto","background-attachment":"scroll","background-type":"","background-media":"","overlay-type":"","overlay-color":"","overlay-opacity":"","overlay-gradient":""},"mobile":{"background-color":"","background-image":"","background-repeat":"repeat","background-position":"center center","background-size":"auto","background-attachment":"scroll","background-type":"","background-media":"","overlay-type":"","overlay-color":"","overlay-opacity":"","overlay-gradient":""}},"ast-content-background-meta":{"desktop":{"background-color":"var(--ast-global-color-5)","background-image":"","background-repeat":"repeat","background-position":"center center","background-size":"auto","background-attachment":"scroll","background-type":"","background-media":"","overlay-type":"","overlay-color":"","overlay-opacity":"","overlay-gradient":""},"tablet":{"background-color":"var(--ast-global-color-5)","background-image":"","background-repeat":"repeat","background-position":"center center","background-size":"auto","background-attachment":"scroll","background-type":"","background-media":"","overlay-type":"","overlay-color":"","overlay-opacity":"","overlay-gradient":""},"mobile":{"background-color":"var(--ast-global-color-5)","background-image":"","background-repeat":"repeat","background-position":"center center","background-size":"auto","background-attachment":"scroll","background-type":"","background-media":"","overlay-type":"","overlay-color":"","overlay-opacity":"","overlay-gradient":""}},"footnotes":""},"class_list":["post-2086","page","type-page","status-publish","hentry"],"acf":[],"_links":{"self":[{"href":"https:\/\/kirsch-biopharm.com\/en\/wp-json\/wp\/v2\/pages\/2086","targetHints":{"allow":["GET"]}}],"collection":[{"href":"https:\/\/kirsch-biopharm.com\/en\/wp-json\/wp\/v2\/pages"}],"about":[{"href":"https:\/\/kirsch-biopharm.com\/en\/wp-json\/wp\/v2\/types\/page"}],"author":[{"embeddable":true,"href":"https:\/\/kirsch-biopharm.com\/en\/wp-json\/wp\/v2\/users\/5"}],"replies":[{"embeddable":true,"href":"https:\/\/kirsch-biopharm.com\/en\/wp-json\/wp\/v2\/comments?post=2086"}],"version-history":[{"count":28,"href":"https:\/\/kirsch-biopharm.com\/en\/wp-json\/wp\/v2\/pages\/2086\/revisions"}],"predecessor-version":[{"id":2994,"href":"https:\/\/kirsch-biopharm.com\/en\/wp-json\/wp\/v2\/pages\/2086\/revisions\/2994"}],"wp:attachment":[{"href":"https:\/\/kirsch-biopharm.com\/en\/wp-json\/wp\/v2\/media?parent=2086"}],"curies":[{"name":"wp","href":"https:\/\/api.w.org\/{rel}","templated":true}]}}