{"id":1470,"date":"2025-04-22T14:33:09","date_gmt":"2025-04-22T12:33:09","guid":{"rendered":"https:\/\/kirsch-biopharm.com\/?page_id=1470"},"modified":"2025-09-29T10:31:09","modified_gmt":"2025-09-29T08:31:09","slug":"qualitaetssicherung","status":"publish","type":"page","link":"https:\/\/kirsch-biopharm.com\/en\/qualitaetssicherung\/","title":{"rendered":"Quality Assurance"},"content":{"rendered":"<div data-elementor-type=\"wp-page\" data-elementor-id=\"1470\" class=\"elementor elementor-1470\" data-elementor-post-type=\"page\">\n\t\t\t\t<div class=\"elementor-element elementor-element-05e47dc e-con-full e-flex e-con e-parent\" data-id=\"05e47dc\" data-element_type=\"container\" data-e-type=\"container\" data-settings=\"{&quot;background_background&quot;:&quot;classic&quot;}\">\n\t\t\t\t<div class=\"elementor-element elementor-element-6586393 elementor-invisible elementor-widget elementor-widget-heading\" data-id=\"6586393\" data-element_type=\"widget\" data-e-type=\"widget\" data-settings=\"{&quot;_animation&quot;:&quot;fadeInUp&quot;}\" data-widget_type=\"heading.default\">\n\t\t\t\t<div class=\"elementor-widget-container\">\n\t\t\t\t\t<h1 class=\"elementor-heading-title elementor-size-default\">Quality Assurance<\/h1>\t\t\t\t<\/div>\n\t\t\t\t<\/div>\n\t\t\t\t<\/div>\n\t\t<div class=\"elementor-element elementor-element-59b0e8c e-flex e-con-boxed e-con e-parent\" data-id=\"59b0e8c\" data-element_type=\"container\" data-e-type=\"container\">\n\t\t\t\t\t<div class=\"e-con-inner\">\n\t\t<div class=\"elementor-element elementor-element-f0283de e-con-full e-flex e-con e-child\" data-id=\"f0283de\" data-element_type=\"container\" data-e-type=\"container\">\n\t\t<div class=\"elementor-element elementor-element-9a096a6 e-con-full e-flex e-con e-child\" data-id=\"9a096a6\" data-element_type=\"container\" data-e-type=\"container\">\n\t\t\t\t<div class=\"elementor-element elementor-element-c5b6a15 elementor-widget elementor-widget-heading\" data-id=\"c5b6a15\" data-element_type=\"widget\" data-e-type=\"widget\" data-widget_type=\"heading.default\">\n\t\t\t\t<div class=\"elementor-widget-container\">\n\t\t\t\t\t<h2 class=\"elementor-heading-title elementor-size-default\">Qualitymanagement<\/h2>\t\t\t\t<\/div>\n\t\t\t\t<\/div>\n\t\t\t\t<div class=\"elementor-element elementor-element-d97ded0 elementor-widget elementor-widget-text-editor\" data-id=\"d97ded0\" data-element_type=\"widget\" data-e-type=\"widget\" data-widget_type=\"text-editor.default\">\n\t\t\t\t<div class=\"elementor-widget-container\">\n\t\t\t\t\t\t\t\t\t<p class=\"\" data-start=\"626\" data-end=\"930\">Quality Management (QM) is a systematic approach that encompasses all measures aimed at ensuring and continuously improving the quality of our products, services, and processes. It involves the planning, control, and monitoring of workflows to prevent errors and ensure that defined requirements, customer expectations, as well as legal and normative regulations are met.\nTo achieve this, we rely on the implementation of standards and norms, such as DIN ISO 9001:2015, as a guide, as well as the conduct of regular audits and evaluations.<\/p>\t\t\t\t\t\t\t\t<\/div>\n\t\t\t\t<\/div>\n\t\t\t\t<\/div>\n\t\t\t\t<\/div>\n\t\t<div class=\"elementor-element elementor-element-2daf8ef e-con-full e-flex e-con e-child\" data-id=\"2daf8ef\" data-element_type=\"container\" data-e-type=\"container\">\n\t\t<div class=\"elementor-element elementor-element-64479a6 e-con-full e-flex e-con e-child\" data-id=\"64479a6\" data-element_type=\"container\" data-e-type=\"container\" data-settings=\"{&quot;background_background&quot;:&quot;classic&quot;}\">\n\t\t<div class=\"elementor-element elementor-element-f6453d7 e-con-full e-flex e-con e-child\" data-id=\"f6453d7\" data-element_type=\"container\" data-e-type=\"container\" data-settings=\"{&quot;background_background&quot;:&quot;classic&quot;}\">\n\t\t\t\t<\/div>\n\t\t<div class=\"elementor-element elementor-element-be83d65 e-con-full e-flex e-con e-child\" data-id=\"be83d65\" data-element_type=\"container\" data-e-type=\"container\" data-settings=\"{&quot;background_background&quot;:&quot;classic&quot;}\">\n\t\t\t\t<div class=\"elementor-element elementor-element-773b1a7 elementor-widget elementor-widget-heading\" data-id=\"773b1a7\" data-element_type=\"widget\" data-e-type=\"widget\" data-widget_type=\"heading.default\">\n\t\t\t\t<div class=\"elementor-widget-container\">\n\t\t\t\t\t<p class=\"elementor-heading-title elementor-size-default\">\"The opportunity to drive our company forward with the highest quality standards is both a great pleasure and a significant responsibility for me.\"<\/p>\t\t\t\t<\/div>\n\t\t\t\t<\/div>\n\t\t\t\t<div class=\"elementor-element elementor-element-40cd1f1 elementor-widget elementor-widget-heading\" data-id=\"40cd1f1\" data-element_type=\"widget\" data-e-type=\"widget\" data-widget_type=\"heading.default\">\n\t\t\t\t<div class=\"elementor-widget-container\">\n\t\t\t\t\t<p class=\"elementor-heading-title elementor-size-default\">Melanie Andreas \u2013 Head of Quality Assurance<\/p>\t\t\t\t<\/div>\n\t\t\t\t<\/div>\n\t\t\t\t<\/div>\n\t\t\t\t<\/div>\n\t\t\t\t<\/div>\n\t\t\t\t\t<\/div>\n\t\t\t\t<\/div>\n\t\t<div class=\"elementor-element elementor-element-fb9e53c e-flex e-con-boxed e-con e-parent\" data-id=\"fb9e53c\" data-element_type=\"container\" data-e-type=\"container\">\n\t\t\t\t\t<div class=\"e-con-inner\">\n\t\t<div class=\"elementor-element elementor-element-26f1e4e e-con-full e-flex e-con e-child\" data-id=\"26f1e4e\" data-element_type=\"container\" data-e-type=\"container\">\n\t\t<div class=\"elementor-element elementor-element-4fbf792 e-con-full e-flex e-con e-child\" data-id=\"4fbf792\" data-element_type=\"container\" data-e-type=\"container\">\n\t\t\t\t<div class=\"elementor-element elementor-element-07c4ced elementor-widget elementor-widget-heading\" data-id=\"07c4ced\" data-element_type=\"widget\" data-e-type=\"widget\" data-widget_type=\"heading.default\">\n\t\t\t\t<div class=\"elementor-widget-container\">\n\t\t\t\t\t<h3 class=\"elementor-heading-title elementor-size-default\">Quality Policy<\/h3>\t\t\t\t<\/div>\n\t\t\t\t<\/div>\n\t\t\t\t<div class=\"elementor-element elementor-element-59993c2 elementor-widget elementor-widget-text-editor\" data-id=\"59993c2\" data-element_type=\"widget\" data-e-type=\"widget\" data-widget_type=\"text-editor.default\">\n\t\t\t\t<div class=\"elementor-widget-container\">\n\t\t\t\t\t\t\t\t\t<p class=\"\" data-start=\"626\" data-end=\"930\">Kirsch BioPharm GmbH (KBP), part of the Kirsch Pharma Group, manufactures finished products for the food and pharmaceutical industries and is divided into three business units focusing on dietary supplements, biopharmaceutical products, and innovative formulations.\n\nAt KBP, quality is understood as a continuous optimization process that ensures product safety, quality, and legality, with a strong emphasis on food safety culture and preventive measures against product counterfeiting. The company is committed to reliably meeting customer requirements, ensuring employee safety, and offering regular training to enhance competencies.\n\nFurthermore, KBP adheres to a code of conduct that promotes ethical business practices and environmental responsibility to ensure sustainable corporate development.<\/p>\t\t\t\t\t\t\t\t<\/div>\n\t\t\t\t<\/div>\n\t\t\t\t<\/div>\n\t\t<div class=\"elementor-element elementor-element-90d0c39 e-con-full e-flex e-con e-child\" data-id=\"90d0c39\" data-element_type=\"container\" data-e-type=\"container\">\n\t\t\t\t<div class=\"elementor-element elementor-element-75577d7 elementor-widget elementor-widget-heading\" data-id=\"75577d7\" data-element_type=\"widget\" data-e-type=\"widget\" data-widget_type=\"heading.default\">\n\t\t\t\t<div class=\"elementor-widget-container\">\n\t\t\t\t\t<h3 class=\"elementor-heading-title elementor-size-default\">Quality Assurance<\/h3>\t\t\t\t<\/div>\n\t\t\t\t<\/div>\n\t\t\t\t<div class=\"elementor-element elementor-element-53e4556 elementor-widget elementor-widget-text-editor\" data-id=\"53e4556\" data-element_type=\"widget\" data-e-type=\"widget\" data-widget_type=\"text-editor.default\">\n\t\t\t\t<div class=\"elementor-widget-container\">\n\t\t\t\t\t\t\t\t\t<p class=\"\" data-start=\"626\" data-end=\"930\">Wir, die Qualit\u00e4tssicherung der Kirsch BioPharm GmbH, befassen uns mit allen relevanten Ma\u00dfnahmen, Prozessen und Systemen, um sicherzustellen, dass alle produzierten Produkte den externen gesetzlichen und internen Qualit\u00e4tsstandards, sowie den Anforderungen unserer Kunden entsprechen. Die Sicherheit und Wirksamkeit unserer Produkte gew\u00e4hrleisten wir durch ein umfassendes System zur Kontrolle aller Produktionsprozesse. Die Einhaltung interner und regulatorischer Anforderungen steht dabei im Fokus. Unser Ziel ist es die Risiken f\u00fcr unsere Kunden, Partner und das Unternehmen zu reduzieren, Produktm\u00e4ngel zu verhindern und eine sichere Herstellung und Lieferung unserer Qualit\u00e4tsprodukte sicherzustellen. All diese Ziele erreichen wir durch unser integriertes Qualit\u00e4tssicherungssystem, sowie der Durchf\u00fchrung von Sticprobenanalysen, der Auditierung unserer Lieferanten und Lohnhersteller, sowie in Zukunft unserer digitalen L\u00f6sung des eBMR, eQMS und eDMS.<\/p>\t\t\t\t\t\t\t\t<\/div>\n\t\t\t\t<\/div>\n\t\t\t\t<\/div>\n\t\t\t\t<\/div>\n\t\t<div class=\"elementor-element elementor-element-67dc988 e-con-full e-flex e-con e-child\" data-id=\"67dc988\" data-element_type=\"container\" data-e-type=\"container\">\n\t\t\t\t<div class=\"elementor-element elementor-element-d0ac92e elementor-widget elementor-widget-html\" data-id=\"d0ac92e\" data-element_type=\"widget\" data-e-type=\"widget\" data-widget_type=\"html.default\">\n\t\t\t\t<div class=\"elementor-widget-container\">\n\t\t\t\t\t<div class=\"hex-grid\">\r\n  <a href=\"\" class=\"hex top-left\" target=\"_blank\" rel=\"noopener noreferrer\">\r\n    <img decoding=\"async\" src=\"https:\/\/kirsch-biopharm.com\/wp-content\/uploads\/2025\/04\/Hexagone_halal-1.svg\" alt=\"icon\" title=\"\">\r\n  <\/a>\r\n  <a href=\"https:\/\/kirsch-biopharm.com\/wp-content\/uploads\/2025\/04\/IFS-V8_Kirsch-BioPharm-GmbH_Zertifikat_2024-09-30_DE.pdf\" class=\"hex top-right\" target=\"_blank\" rel=\"noopener noreferrer\">\r\n    <img decoding=\"async\" src=\"https:\/\/kirsch-biopharm.com\/wp-content\/uploads\/2025\/04\/Hexagone_ifs-food.svg\" alt=\"icon\" title=\"\">\r\n  <\/a>\r\n  <a href=\"https:\/\/kirsch-biopharm.com\/wp-content\/uploads\/2025\/04\/GMP-Zertifikat_2021_web.pdf\" class=\"hex center\" target=\"_blank\" rel=\"noopener noreferrer\">\r\n    <img decoding=\"async\" src=\"https:\/\/kirsch-biopharm.com\/wp-content\/uploads\/2025\/04\/Hexagone_Zeichenflaeche_gmp.png\" alt=\"icon\" title=\"\">\r\n  <\/a>\r\n  <a href=\"\" class=\"hex bottom-left\" target=\"_blank\" rel=\"noopener noreferrer\">\r\n    <img decoding=\"async\" src=\"https:\/\/kirsch-biopharm.com\/wp-content\/uploads\/2025\/04\/Hexagone_kosher.svg\" alt=\"icon\" title=\"\">\r\n  <\/a>\r\n  <a href=\"https:\/\/kirsch-biopharm.com\/wp-content\/uploads\/2025\/04\/ISO9001_KPHC_Zertifikat_2023-02-23_DE.pdf\" class=\"hex bottom-right\" target=\"_blank\" rel=\"noopener noreferrer\">\r\n    <img decoding=\"async\" src=\"https:\/\/kirsch-biopharm.com\/wp-content\/uploads\/2025\/04\/Hexagone_iso.svg\" alt=\"icon\" title=\"\">\r\n  <\/a>\r\n<\/div>\r\n\r\n<style>\r\n  .hex-grid {\r\n    position: relative;\r\n    width: 700px;\r\n    height: 800px;\r\n    margin: 0 auto;\r\n  }\r\n\r\n  .hex {\r\n    width: 250px;\r\n    height: 250px;\r\n    background-color: #00325D;\r\n    position: absolute;\r\n    clip-path: polygon(\r\n      50% 0%,\r\n      93% 25%,\r\n      93% 75%,\r\n      50% 100%,\r\n      7% 75%,\r\n      7% 25%\r\n    );\r\n    display: flex;\r\n    justify-content: center;\r\n    align-items: center;\r\n    transition: background-color 0.3s ease, transform 0.3s ease;\r\n    text-decoration: none;\r\n  }\r\n\r\n  .hex:hover {\r\n    background-color: #C91235;\r\n    transform: scale(1.05);\r\n  }\r\n\r\n  .hex img {\r\n    width: 360px;\r\n    height: 360px;\r\n    object-fit: contain;\r\n    pointer-events: none;\r\n    margin: 0px !important;\r\n    padding: 0px !important;\r\n  }\r\n\r\n  .center       { top: 275px; left: 225px; }\r\n  .top-left     { top: 62.5px;  left: 100px; }\r\n  .top-right    { top: 62.5px;  left: 350px; }\r\n  .bottom-left  { top: 487.5px; left: 100px; }\r\n  .bottom-right { top: 487.5px; left: 350px; }\r\n\r\n  @media (max-width: 1024px) {\r\n    .hex-grid {\r\n      width: 500px;\r\n      height: 570px;\r\n    }\r\n\r\n    .hex {\r\n      width: 180px;\r\n      height: 180px;\r\n    }\r\n\r\n    .hex img {\r\n      width: 180px;\r\n      height: 180px;\r\n    }\r\n\r\n    .center       { top: 195px; left: 160px; }\r\n    .top-left     { top: 45px;  left: 80px; }\r\n    .top-right    { top: 45px;  left: 240px; }\r\n    .bottom-left  { top: 345px; left: 80px; }\r\n    .bottom-right { top: 345px; left: 240px; }\r\n  }\r\n\r\n  @media (max-width: 767px) {\r\n    .hex-grid {\r\n      width: 280px;\r\n      height: 320px;\r\n    }\r\n\r\n    .hex {\r\n      width: 100px;\r\n      height: 100px;\r\n    }\r\n\r\n    .hex img {\r\n      width: 100px;\r\n      height: 100px;\r\n    }\r\n\r\n    .center       { top: 110px; left: 90px; }\r\n    .top-left     { top: 25px;  left: 40px; }\r\n    .top-right    { top: 25px;  left: 140px; }\r\n    .bottom-left  { top: 195px; left: 40px; }\r\n    .bottom-right { top: 195px; left: 140px; }\r\n  }\r\n<\/style>\r\n\t\t\t\t<\/div>\n\t\t\t\t<\/div>\n\t\t\t\t<\/div>\n\t\t\t\t\t<\/div>\n\t\t\t\t<\/div>\n\t\t<div class=\"elementor-element elementor-element-4cdf016 e-flex e-con-boxed e-con e-parent\" data-id=\"4cdf016\" data-element_type=\"container\" data-e-type=\"container\" data-settings=\"{&quot;background_background&quot;:&quot;classic&quot;}\">\n\t\t\t\t\t<div class=\"e-con-inner\">\n\t\t\t\t\t<\/div>\n\t\t\t\t<\/div>\n\t\t\t\t<\/div>","protected":false},"excerpt":{"rendered":"<p>Qualit\u00e4tssicherung Qualit\u00e4tsmanagement Das Qualit\u00e4tsmanagement (QM) ist ein systematischer Ansatz, welcher alle Ma\u00dfnahmen umfasst, die darauf abzielen, die Qualit\u00e4t von unseren Produkten, Dienstleistungen und Prozessen sicherzustellen und kontinuierlich zu verbessern. Es beinhaltet die Planung, Steuerung und \u00dcberwachung von Arbeitsabl\u00e4ufen, um Fehler zu vermeiden, festgelegte Anforderungen und Kundenerwartungen, sowie gesetzliche und normative Vorgaben zu erf\u00fcllen. Hierzu greifen [&hellip;]<\/p>\n","protected":false},"author":5,"featured_media":0,"parent":0,"menu_order":0,"comment_status":"closed","ping_status":"closed","template":"","meta":{"_acf_changed":false,"site-sidebar-layout":"no-sidebar","site-content-layout":"page-builder","ast-site-content-layout":"full-width-container","site-content-style":"default","site-sidebar-style":"default","ast-global-header-display":"","ast-banner-title-visibility":"","ast-main-header-display":"","ast-hfb-above-header-display":"","ast-hfb-below-header-display":"","ast-hfb-mobile-header-display":"","site-post-title":"disabled","ast-breadcrumbs-content":"","ast-featured-img":"disabled","footer-sml-layout":"","ast-disable-related-posts":"","theme-transparent-header-meta":"","adv-header-id-meta":"","stick-header-meta":"","header-above-stick-meta":"","header-main-stick-meta":"","header-below-stick-meta":"","astra-migrate-meta-layouts":"set","ast-page-background-enabled":"default","ast-page-background-meta":{"desktop":{"background-color":"","background-image":"","background-repeat":"repeat","background-position":"center center","background-size":"auto","background-attachment":"scroll","background-type":"","background-media":"","overlay-type":"","overlay-color":"","overlay-opacity":"","overlay-gradient":""},"tablet":{"background-color":"","background-image":"","background-repeat":"repeat","background-position":"center center","background-size":"auto","background-attachment":"scroll","background-type":"","background-media":"","overlay-type":"","overlay-color":"","overlay-opacity":"","overlay-gradient":""},"mobile":{"background-color":"","background-image":"","background-repeat":"repeat","background-position":"center center","background-size":"auto","background-attachment":"scroll","background-type":"","background-media":"","overlay-type":"","overlay-color":"","overlay-opacity":"","overlay-gradient":""}},"ast-content-background-meta":{"desktop":{"background-color":"var(--ast-global-color-5)","background-image":"","background-repeat":"repeat","background-position":"center center","background-size":"auto","background-attachment":"scroll","background-type":"","background-media":"","overlay-type":"","overlay-color":"","overlay-opacity":"","overlay-gradient":""},"tablet":{"background-color":"var(--ast-global-color-5)","background-image":"","background-repeat":"repeat","background-position":"center center","background-size":"auto","background-attachment":"scroll","background-type":"","background-media":"","overlay-type":"","overlay-color":"","overlay-opacity":"","overlay-gradient":""},"mobile":{"background-color":"var(--ast-global-color-5)","background-image":"","background-repeat":"repeat","background-position":"center center","background-size":"auto","background-attachment":"scroll","background-type":"","background-media":"","overlay-type":"","overlay-color":"","overlay-opacity":"","overlay-gradient":""}},"footnotes":""},"class_list":["post-1470","page","type-page","status-publish","hentry"],"acf":[],"_links":{"self":[{"href":"https:\/\/kirsch-biopharm.com\/en\/wp-json\/wp\/v2\/pages\/1470","targetHints":{"allow":["GET"]}}],"collection":[{"href":"https:\/\/kirsch-biopharm.com\/en\/wp-json\/wp\/v2\/pages"}],"about":[{"href":"https:\/\/kirsch-biopharm.com\/en\/wp-json\/wp\/v2\/types\/page"}],"author":[{"embeddable":true,"href":"https:\/\/kirsch-biopharm.com\/en\/wp-json\/wp\/v2\/users\/5"}],"replies":[{"embeddable":true,"href":"https:\/\/kirsch-biopharm.com\/en\/wp-json\/wp\/v2\/comments?post=1470"}],"version-history":[{"count":100,"href":"https:\/\/kirsch-biopharm.com\/en\/wp-json\/wp\/v2\/pages\/1470\/revisions"}],"predecessor-version":[{"id":2988,"href":"https:\/\/kirsch-biopharm.com\/en\/wp-json\/wp\/v2\/pages\/1470\/revisions\/2988"}],"wp:attachment":[{"href":"https:\/\/kirsch-biopharm.com\/en\/wp-json\/wp\/v2\/media?parent=1470"}],"curies":[{"name":"wp","href":"https:\/\/api.w.org\/{rel}","templated":true}]}}