{"id":1459,"date":"2025-04-22T14:18:26","date_gmt":"2025-04-22T12:18:26","guid":{"rendered":"https:\/\/kirsch-biopharm.com\/?page_id=1459"},"modified":"2025-09-29T10:29:44","modified_gmt":"2025-09-29T08:29:44","slug":"qualitaetsmanagement","status":"publish","type":"page","link":"https:\/\/kirsch-biopharm.com\/en\/qualitaetsmanagement\/","title":{"rendered":"Qualitymanagement"},"content":{"rendered":"<div data-elementor-type=\"wp-page\" data-elementor-id=\"1459\" class=\"elementor elementor-1459\" data-elementor-post-type=\"page\">\n\t\t\t\t<div class=\"elementor-element elementor-element-106ae74 e-con-full e-flex e-con e-parent\" data-id=\"106ae74\" data-element_type=\"container\" data-e-type=\"container\" data-settings=\"{&quot;background_background&quot;:&quot;classic&quot;}\">\n\t\t\t\t<div class=\"elementor-element elementor-element-258c3f1 elementor-invisible elementor-widget elementor-widget-heading\" data-id=\"258c3f1\" data-element_type=\"widget\" data-e-type=\"widget\" data-settings=\"{&quot;_animation&quot;:&quot;fadeInUp&quot;}\" data-widget_type=\"heading.default\">\n\t\t\t\t<div class=\"elementor-widget-container\">\n\t\t\t\t\t<h1 class=\"elementor-heading-title elementor-size-default\">Qualitymanagement<\/h1>\t\t\t\t<\/div>\n\t\t\t\t<\/div>\n\t\t\t\t<\/div>\n\t\t<div class=\"elementor-element elementor-element-3227dbc e-flex e-con-boxed e-con e-child\" data-id=\"3227dbc\" data-element_type=\"container\" data-e-type=\"container\">\n\t\t\t\t\t<div class=\"e-con-inner\">\n\t\t<div class=\"elementor-element elementor-element-ebfef45 e-con-full e-flex e-con e-child\" data-id=\"ebfef45\" data-element_type=\"container\" data-e-type=\"container\">\n\t\t\t\t<div class=\"elementor-element elementor-element-3e704fc elementor-widget elementor-widget-heading\" data-id=\"3e704fc\" data-element_type=\"widget\" data-e-type=\"widget\" data-widget_type=\"heading.default\">\n\t\t\t\t<div class=\"elementor-widget-container\">\n\t\t\t\t\t<h2 class=\"elementor-heading-title elementor-size-default\">Trust in Our Expertise\n\n<\/h2>\t\t\t\t<\/div>\n\t\t\t\t<\/div>\n\t\t\t\t<div class=\"elementor-element elementor-element-c73c942 elementor-widget elementor-widget-text-editor\" data-id=\"c73c942\" data-element_type=\"widget\" data-e-type=\"widget\" data-widget_type=\"text-editor.default\">\n\t\t\t\t<div class=\"elementor-widget-container\">\n\t\t\t\t\t\t\t\t\t<p class=\"\" data-start=\"64\" data-end=\"434\">At Kirsch BioPharm GmbH, we adhere to the highest quality standards to ensure that every product meets the stringent requirements of the pharmaceutical industry. Our commitment to excellence is reflected in the comprehensive quality control measures we implement throughout the entire production process. Our products undergo rigorous testing and monitoring in our Analytical Quality Control Laboratory. We comply with all relevant regulatory requirements while integrating the latest scientific advancements into our processes.<\/p>\t\t\t\t\t\t\t\t<\/div>\n\t\t\t\t<\/div>\n\t\t\t\t<\/div>\n\t\t\t\t\t<\/div>\n\t\t\t\t<\/div>\n\t\t<div class=\"elementor-element elementor-element-f4cceab e-flex e-con-boxed e-con e-parent\" data-id=\"f4cceab\" data-element_type=\"container\" data-e-type=\"container\">\n\t\t\t\t\t<div class=\"e-con-inner\">\n\t\t<div class=\"elementor-element elementor-element-dd413f1 e-con-full e-flex e-con e-child\" data-id=\"dd413f1\" data-element_type=\"container\" data-e-type=\"container\">\n\t\t\t\t<div class=\"elementor-element elementor-element-a292df1 elementor-widget elementor-widget-image\" data-id=\"a292df1\" data-element_type=\"widget\" data-e-type=\"widget\" data-widget_type=\"image.default\">\n\t\t\t\t<div class=\"elementor-widget-container\">\n\t\t\t\t\t\t\t\t\t\t\t\t\t\t\t<img fetchpriority=\"high\" decoding=\"async\" width=\"800\" height=\"533\" src=\"https:\/\/kirsch-biopharm.com\/wp-content\/uploads\/2025\/04\/qualitaetssicherung-1.jpg\" class=\"elementor-animation-grow attachment-large size-large wp-image-1466\" alt=\"\" srcset=\"https:\/\/kirsch-biopharm.com\/wp-content\/uploads\/2025\/04\/qualitaetssicherung-1.jpg 800w, https:\/\/kirsch-biopharm.com\/wp-content\/uploads\/2025\/04\/qualitaetssicherung-1-300x200.jpg 300w, https:\/\/kirsch-biopharm.com\/wp-content\/uploads\/2025\/04\/qualitaetssicherung-1-768x512.jpg 768w\" sizes=\"(max-width: 800px) 100vw, 800px\" title=\"\">\t\t\t\t\t\t\t\t\t\t\t\t\t\t\t<\/div>\n\t\t\t\t<\/div>\n\t\t\t\t<\/div>\n\t\t<div class=\"elementor-element elementor-element-fce9cf0 e-con-full e-flex e-con e-child\" data-id=\"fce9cf0\" data-element_type=\"container\" data-e-type=\"container\">\n\t\t\t\t<div class=\"elementor-element elementor-element-39928cc elementor-widget elementor-widget-heading\" data-id=\"39928cc\" data-element_type=\"widget\" data-e-type=\"widget\" data-widget_type=\"heading.default\">\n\t\t\t\t<div class=\"elementor-widget-container\">\n\t\t\t\t\t<h2 class=\"elementor-heading-title elementor-size-default\">Quality Assurance<\/h2>\t\t\t\t<\/div>\n\t\t\t\t<\/div>\n\t\t\t\t<div class=\"elementor-element elementor-element-77298d6 elementor-widget elementor-widget-button\" data-id=\"77298d6\" data-element_type=\"widget\" data-e-type=\"widget\" data-widget_type=\"button.default\">\n\t\t\t\t<div class=\"elementor-widget-container\">\n\t\t\t\t\t\t\t\t\t<div class=\"elementor-button-wrapper\">\n\t\t\t\t\t<a class=\"elementor-button elementor-button-link elementor-size-sm elementor-animation-grow\" href=\"https:\/\/kirsch-biopharm.com\/en\/qualitaetssicherung\/\">\n\t\t\t\t\t\t<span class=\"elementor-button-content-wrapper\">\n\t\t\t\t\t\t\t\t\t<span class=\"elementor-button-text\">read more<\/span>\n\t\t\t\t\t<\/span>\n\t\t\t\t\t<\/a>\n\t\t\t\t<\/div>\n\t\t\t\t\t\t\t\t<\/div>\n\t\t\t\t<\/div>\n\t\t\t\t<\/div>\n\t\t\t\t\t<\/div>\n\t\t\t\t<\/div>\n\t\t<div class=\"elementor-element elementor-element-dd60b70 e-flex e-con-boxed e-con e-parent\" data-id=\"dd60b70\" data-element_type=\"container\" data-e-type=\"container\">\n\t\t\t\t\t<div class=\"e-con-inner\">\n\t\t<div class=\"elementor-element elementor-element-1162518 e-con-full elementor-hidden-mobile e-flex e-con e-child\" data-id=\"1162518\" data-element_type=\"container\" data-e-type=\"container\">\n\t\t\t\t<div class=\"elementor-element elementor-element-7645ef7 elementor-widget elementor-widget-heading\" data-id=\"7645ef7\" data-element_type=\"widget\" data-e-type=\"widget\" data-widget_type=\"heading.default\">\n\t\t\t\t<div class=\"elementor-widget-container\">\n\t\t\t\t\t<h2 class=\"elementor-heading-title elementor-size-default\">Quality Control<\/h2>\t\t\t\t<\/div>\n\t\t\t\t<\/div>\n\t\t\t\t<div class=\"elementor-element elementor-element-cc1a835 elementor-widget elementor-widget-button\" data-id=\"cc1a835\" data-element_type=\"widget\" data-e-type=\"widget\" data-widget_type=\"button.default\">\n\t\t\t\t<div class=\"elementor-widget-container\">\n\t\t\t\t\t\t\t\t\t<div class=\"elementor-button-wrapper\">\n\t\t\t\t\t<a class=\"elementor-button elementor-button-link elementor-size-sm elementor-animation-grow\" href=\"https:\/\/kirsch-biopharm.com\/en\/qualitaetskontrolle\/\">\n\t\t\t\t\t\t<span class=\"elementor-button-content-wrapper\">\n\t\t\t\t\t\t\t\t\t<span class=\"elementor-button-text\">read more<\/span>\n\t\t\t\t\t<\/span>\n\t\t\t\t\t<\/a>\n\t\t\t\t<\/div>\n\t\t\t\t\t\t\t\t<\/div>\n\t\t\t\t<\/div>\n\t\t\t\t<\/div>\n\t\t<div class=\"elementor-element elementor-element-32b38f1 e-con-full e-flex e-con e-child\" data-id=\"32b38f1\" data-element_type=\"container\" data-e-type=\"container\">\n\t\t\t\t<div class=\"elementor-element elementor-element-772bb51 elementor-widget elementor-widget-image\" data-id=\"772bb51\" data-element_type=\"widget\" data-e-type=\"widget\" data-widget_type=\"image.default\">\n\t\t\t\t<div class=\"elementor-widget-container\">\n\t\t\t\t\t\t\t\t\t\t\t\t\t\t\t<img decoding=\"async\" width=\"800\" height=\"533\" src=\"https:\/\/kirsch-biopharm.com\/wp-content\/uploads\/2025\/04\/Qualitaetskontrolle-1.jpg\" class=\"elementor-animation-grow attachment-large size-large wp-image-1465\" alt=\"\" srcset=\"https:\/\/kirsch-biopharm.com\/wp-content\/uploads\/2025\/04\/Qualitaetskontrolle-1.jpg 800w, https:\/\/kirsch-biopharm.com\/wp-content\/uploads\/2025\/04\/Qualitaetskontrolle-1-300x200.jpg 300w, https:\/\/kirsch-biopharm.com\/wp-content\/uploads\/2025\/04\/Qualitaetskontrolle-1-768x512.jpg 768w\" sizes=\"(max-width: 800px) 100vw, 800px\" title=\"\">\t\t\t\t\t\t\t\t\t\t\t\t\t\t\t<\/div>\n\t\t\t\t<\/div>\n\t\t\t\t<\/div>\n\t\t<div class=\"elementor-element elementor-element-0febe29 e-con-full elementor-hidden-desktop elementor-hidden-tablet e-flex e-con e-child\" data-id=\"0febe29\" data-element_type=\"container\" data-e-type=\"container\">\n\t\t\t\t<div class=\"elementor-element elementor-element-0391d2f elementor-widget elementor-widget-heading\" data-id=\"0391d2f\" data-element_type=\"widget\" data-e-type=\"widget\" data-widget_type=\"heading.default\">\n\t\t\t\t<div class=\"elementor-widget-container\">\n\t\t\t\t\t<h2 class=\"elementor-heading-title elementor-size-default\">Quality Control<\/h2>\t\t\t\t<\/div>\n\t\t\t\t<\/div>\n\t\t\t\t<div class=\"elementor-element elementor-element-510f98b elementor-widget elementor-widget-button\" data-id=\"510f98b\" data-element_type=\"widget\" data-e-type=\"widget\" data-widget_type=\"button.default\">\n\t\t\t\t<div class=\"elementor-widget-container\">\n\t\t\t\t\t\t\t\t\t<div class=\"elementor-button-wrapper\">\n\t\t\t\t\t<a class=\"elementor-button elementor-button-link elementor-size-sm elementor-animation-grow\" href=\"https:\/\/kirsch-biopharm.com\/en\/qualitaetskontrolle\/\">\n\t\t\t\t\t\t<span class=\"elementor-button-content-wrapper\">\n\t\t\t\t\t\t\t\t\t<span class=\"elementor-button-text\">read more<\/span>\n\t\t\t\t\t<\/span>\n\t\t\t\t\t<\/a>\n\t\t\t\t<\/div>\n\t\t\t\t\t\t\t\t<\/div>\n\t\t\t\t<\/div>\n\t\t\t\t<\/div>\n\t\t\t\t\t<\/div>\n\t\t\t\t<\/div>\n\t\t\t\t<\/div>","protected":false},"excerpt":{"rendered":"<p>Qualit\u00e4tsmanagement Vertrauen Sie auf unsere Expertise Bei der Kirsch BioPharm GmbH halten wir die h\u00f6chsten Qualit\u00e4tsstandards ein, um sicherzustellen, dass jedes Produkt den strengen Anforderungen der Pharmaindustrie entspricht. Unser Engagement f\u00fcr Exzellenz zeigt sich in den umfassenden Qualit\u00e4tskontrollma\u00dfnahmen, die wir w\u00e4hrend des gesamten Produktionsprozesses umsetzen. Analytische Kompetenz auf h\u00f6chstem pharmazeutischen Niveau. Unsere Produkte werden in [&hellip;]<\/p>\n","protected":false},"author":5,"featured_media":0,"parent":0,"menu_order":0,"comment_status":"closed","ping_status":"closed","template":"","meta":{"_acf_changed":false,"site-sidebar-layout":"no-sidebar","site-content-layout":"page-builder","ast-site-content-layout":"full-width-container","site-content-style":"default","site-sidebar-style":"default","ast-global-header-display":"","ast-banner-title-visibility":"","ast-main-header-display":"","ast-hfb-above-header-display":"","ast-hfb-below-header-display":"","ast-hfb-mobile-header-display":"","site-post-title":"disabled","ast-breadcrumbs-content":"","ast-featured-img":"disabled","footer-sml-layout":"","ast-disable-related-posts":"","theme-transparent-header-meta":"","adv-header-id-meta":"","stick-header-meta":"","header-above-stick-meta":"","header-main-stick-meta":"","header-below-stick-meta":"","astra-migrate-meta-layouts":"set","ast-page-background-enabled":"default","ast-page-background-meta":{"desktop":{"background-color":"","background-image":"","background-repeat":"repeat","background-position":"center center","background-size":"auto","background-attachment":"scroll","background-type":"","background-media":"","overlay-type":"","overlay-color":"","overlay-opacity":"","overlay-gradient":""},"tablet":{"background-color":"","background-image":"","background-repeat":"repeat","background-position":"center center","background-size":"auto","background-attachment":"scroll","background-type":"","background-media":"","overlay-type":"","overlay-color":"","overlay-opacity":"","overlay-gradient":""},"mobile":{"background-color":"","background-image":"","background-repeat":"repeat","background-position":"center center","background-size":"auto","background-attachment":"scroll","background-type":"","background-media":"","overlay-type":"","overlay-color":"","overlay-opacity":"","overlay-gradient":""}},"ast-content-background-meta":{"desktop":{"background-color":"var(--ast-global-color-5)","background-image":"","background-repeat":"repeat","background-position":"center center","background-size":"auto","background-attachment":"scroll","background-type":"","background-media":"","overlay-type":"","overlay-color":"","overlay-opacity":"","overlay-gradient":""},"tablet":{"background-color":"var(--ast-global-color-5)","background-image":"","background-repeat":"repeat","background-position":"center center","background-size":"auto","background-attachment":"scroll","background-type":"","background-media":"","overlay-type":"","overlay-color":"","overlay-opacity":"","overlay-gradient":""},"mobile":{"background-color":"var(--ast-global-color-5)","background-image":"","background-repeat":"repeat","background-position":"center center","background-size":"auto","background-attachment":"scroll","background-type":"","background-media":"","overlay-type":"","overlay-color":"","overlay-opacity":"","overlay-gradient":""}},"footnotes":""},"class_list":["post-1459","page","type-page","status-publish","hentry"],"acf":[],"_links":{"self":[{"href":"https:\/\/kirsch-biopharm.com\/en\/wp-json\/wp\/v2\/pages\/1459","targetHints":{"allow":["GET"]}}],"collection":[{"href":"https:\/\/kirsch-biopharm.com\/en\/wp-json\/wp\/v2\/pages"}],"about":[{"href":"https:\/\/kirsch-biopharm.com\/en\/wp-json\/wp\/v2\/types\/page"}],"author":[{"embeddable":true,"href":"https:\/\/kirsch-biopharm.com\/en\/wp-json\/wp\/v2\/users\/5"}],"replies":[{"embeddable":true,"href":"https:\/\/kirsch-biopharm.com\/en\/wp-json\/wp\/v2\/comments?post=1459"}],"version-history":[{"count":19,"href":"https:\/\/kirsch-biopharm.com\/en\/wp-json\/wp\/v2\/pages\/1459\/revisions"}],"predecessor-version":[{"id":2985,"href":"https:\/\/kirsch-biopharm.com\/en\/wp-json\/wp\/v2\/pages\/1459\/revisions\/2985"}],"wp:attachment":[{"href":"https:\/\/kirsch-biopharm.com\/en\/wp-json\/wp\/v2\/media?parent=1459"}],"curies":[{"name":"wp","href":"https:\/\/api.w.org\/{rel}","templated":true}]}}