{"id":139,"date":"2020-06-29T13:13:10","date_gmt":"2020-06-29T11:13:10","guid":{"rendered":"https:\/\/kirsch-biopharm.com\/?page_id=139"},"modified":"2025-09-29T10:40:06","modified_gmt":"2025-09-29T08:40:06","slug":"impressum","status":"publish","type":"page","link":"https:\/\/kirsch-biopharm.com\/en\/impressum\/","title":{"rendered":"Imprint"},"content":{"rendered":"<div data-elementor-type=\"wp-page\" data-elementor-id=\"139\" class=\"elementor elementor-139\" data-elementor-post-type=\"page\">\n\t\t\t\t<div class=\"elementor-element elementor-element-9d5638f e-flex e-con-boxed e-con e-parent\" data-id=\"9d5638f\" data-element_type=\"container\" data-e-type=\"container\">\n\t\t\t\t\t<div class=\"e-con-inner\">\n\t\t<div class=\"elementor-element elementor-element-e79993a e-con-full e-flex e-con e-child\" data-id=\"e79993a\" data-element_type=\"container\" data-e-type=\"container\">\n\t\t\t\t<div class=\"elementor-element elementor-element-4007d50 elementor-invisible elementor-widget elementor-widget-heading\" data-id=\"4007d50\" data-element_type=\"widget\" data-e-type=\"widget\" data-settings=\"{&quot;_animation&quot;:&quot;fadeInUp&quot;}\" data-widget_type=\"heading.default\">\n\t\t\t\t<div class=\"elementor-widget-container\">\n\t\t\t\t\t<h1 class=\"elementor-heading-title elementor-size-default\">Imprint<\/h1>\t\t\t\t<\/div>\n\t\t\t\t<\/div>\n\t\t\t\t<\/div>\n\t\t<div class=\"elementor-element elementor-element-f24018a e-flex e-con-boxed e-con e-child\" data-id=\"f24018a\" data-element_type=\"container\" data-e-type=\"container\">\n\t\t\t\t\t<div class=\"e-con-inner\">\n\t\t\t\t<div class=\"elementor-element elementor-element-51e2ad1 elementor-widget elementor-widget-text-editor\" data-id=\"51e2ad1\" data-element_type=\"widget\" data-e-type=\"widget\" data-widget_type=\"text-editor.default\">\n\t\t\t\t<div class=\"elementor-widget-container\">\n\t\t\t\t\t\t\t\t\t<p><strong>Issuer:<\/strong><\/p><p>Kirsch BioPharm GmbH<br \/>Langer Acker 36<br \/>D-30900 Wedemark<br \/>Germany<br \/><strong>Phone:<\/strong> +49 (51 30) 5 85 37 &#8211; 0<br \/>biopharm@kirschpharma.de<\/p><p><strong>Managing Directors:<\/strong><br \/>Heinz-J\u00fcrgen Kirsch<\/p><p><strong>Responsible for contents according to \u00a7 6 MDStV:<\/strong><br \/>Heinz-J\u00fcrgen Kirsch, Gesch\u00e4ftsf\u00fchrer<br \/>Kirsch BioPharm GmbH<br \/>Amtsgericht Burgdorf\u00a0 HRB 213195<br \/><strong>USt-ID-Nr.:<\/strong> DE 304 273 893<\/p><p><strong>Web editing &amp; design:<\/strong><br \/>Grunddesign GmbH<br \/>Represented by Managing<br \/>Managing Associate Frau Nicola Grund<br \/>Borsigstra\u00dfe 11<br \/>38446 Wolfsburg<br \/>info@grunddesign.com<br \/>www.grunddesign.com<\/p><p><strong>Legal notices:<\/strong><\/p><p>The content of this website is permanently monitored and updated by Kirsch BioPharm GmbH. In spite of all diligence, it may occur that some information changes in the meantime. Therefore, no liability or guarantee will&lt; be assumed for the topicality, correctness and completeness of the information provided. Furthermore we, Kirsch BioPharm GmbH, reserve ourselves the right to change or amend any information provided.<\/p><p><strong>Copyright:<\/strong><\/p><p>Kirsch BioPharm GmbH\u2018s website information is protected by copyright law. All rights, content and design of these websites belong to Kirsch BioPharm GmbH. Integrating this website or displaying any information provided by use of a hyperlink, source text, frame or any other form is prohibited, unless written consent has been given.<\/p><p><strong>Data protection:<\/strong><\/p><p>Sharing your information (name, address, contact details) on this website is voluntary. Such information will not be disclosed to third parties without your express consent.<\/p>\t\t\t\t\t\t\t\t<\/div>\n\t\t\t\t<\/div>\n\t\t\t\t\t<\/div>\n\t\t\t\t<\/div>\n\t\t\t\t\t<\/div>\n\t\t\t\t<\/div>\n\t\t\t\t<\/div>","protected":false},"excerpt":{"rendered":"<p>Impressum Herausgeber: Kirsch BioPharm GmbHLanger Acker 36D-30900 WedemarkDeutschlandPhone: +49 (51 30) 5 85 37 &#8211; 0biopharm@kirschpharma.de Gesch\u00e4ftsf\u00fchrer:Heinz-J\u00fcrgen Kirsch Inhaltlich Verantwortlicher gem\u00e4\u00df \u00a7 6 MDStV:Heinz-J\u00fcrgen Kirsch, Gesch\u00e4ftsf\u00fchrerKirsch BioPharm GmbHAmtsgericht Burgdorf\u00a0 HRB 213195USt-ID-Nr.: DE 304 273 893 Webredaktion &amp; Gestaltung:Grunddesign GmbHvertreten durch die gesch\u00e4ftsf\u00fchrendeGesellschafterin Frau Nicola GrundBorsigstra\u00dfe 1138446 Wolfsburginfo@grunddesign.comwww.grunddesign.com Rechtshinweise: Die Angebote auf diesen Portalseiten werden durch [&hellip;]<\/p>\n","protected":false},"author":5,"featured_media":0,"parent":0,"menu_order":0,"comment_status":"closed","ping_status":"closed","template":"","meta":{"_acf_changed":false,"site-sidebar-layout":"no-sidebar","site-content-layout":"page-builder","ast-site-content-layout":"default","site-content-style":"default","site-sidebar-style":"default","ast-global-header-display":"","ast-banner-title-visibility":"","ast-main-header-display":"","ast-hfb-above-header-display":"","ast-hfb-below-header-display":"","ast-hfb-mobile-header-display":"","site-post-title":"disabled","ast-breadcrumbs-content":"","ast-featured-img":"disabled","footer-sml-layout":"","ast-disable-related-posts":"","theme-transparent-header-meta":"default","adv-header-id-meta":"","stick-header-meta":"","header-above-stick-meta":"","header-main-stick-meta":"","header-below-stick-meta":"","astra-migrate-meta-layouts":"default","ast-page-background-enabled":"default","ast-page-background-meta":{"desktop":{"background-color":"","background-image":"","background-repeat":"repeat","background-position":"center center","background-size":"auto","background-attachment":"scroll","background-type":"","background-media":"","overlay-type":"","overlay-color":"","overlay-opacity":"","overlay-gradient":""},"tablet":{"background-color":"","background-image":"","background-repeat":"repeat","background-position":"center center","background-size":"auto","background-attachment":"scroll","background-type":"","background-media":"","overlay-type":"","overlay-color":"","overlay-opacity":"","overlay-gradient":""},"mobile":{"background-color":"","background-image":"","background-repeat":"repeat","background-position":"center center","background-size":"auto","background-attachment":"scroll","background-type":"","background-media":"","overlay-type":"","overlay-color":"","overlay-opacity":"","overlay-gradient":""}},"ast-content-background-meta":{"desktop":{"background-color":"var(--ast-global-color-5)","background-image":"","background-repeat":"repeat","background-position":"center center","background-size":"auto","background-attachment":"scroll","background-type":"","background-media":"","overlay-type":"","overlay-color":"","overlay-opacity":"","overlay-gradient":""},"tablet":{"background-color":"var(--ast-global-color-5)","background-image":"","background-repeat":"repeat","background-position":"center center","background-size":"auto","background-attachment":"scroll","background-type":"","background-media":"","overlay-type":"","overlay-color":"","overlay-opacity":"","overlay-gradient":""},"mobile":{"background-color":"var(--ast-global-color-5)","background-image":"","background-repeat":"repeat","background-position":"center center","background-size":"auto","background-attachment":"scroll","background-type":"","background-media":"","overlay-type":"","overlay-color":"","overlay-opacity":"","overlay-gradient":""}},"footnotes":""},"class_list":["post-139","page","type-page","status-publish","hentry"],"acf":[],"_links":{"self":[{"href":"https:\/\/kirsch-biopharm.com\/en\/wp-json\/wp\/v2\/pages\/139","targetHints":{"allow":["GET"]}}],"collection":[{"href":"https:\/\/kirsch-biopharm.com\/en\/wp-json\/wp\/v2\/pages"}],"about":[{"href":"https:\/\/kirsch-biopharm.com\/en\/wp-json\/wp\/v2\/types\/page"}],"author":[{"embeddable":true,"href":"https:\/\/kirsch-biopharm.com\/en\/wp-json\/wp\/v2\/users\/5"}],"replies":[{"embeddable":true,"href":"https:\/\/kirsch-biopharm.com\/en\/wp-json\/wp\/v2\/comments?post=139"}],"version-history":[{"count":15,"href":"https:\/\/kirsch-biopharm.com\/en\/wp-json\/wp\/v2\/pages\/139\/revisions"}],"predecessor-version":[{"id":3012,"href":"https:\/\/kirsch-biopharm.com\/en\/wp-json\/wp\/v2\/pages\/139\/revisions\/3012"}],"wp:attachment":[{"href":"https:\/\/kirsch-biopharm.com\/en\/wp-json\/wp\/v2\/media?parent=139"}],"curies":[{"name":"wp","href":"https:\/\/api.w.org\/{rel}","templated":true}]}}