{"id":135,"date":"2020-06-29T13:10:55","date_gmt":"2020-06-29T11:10:55","guid":{"rendered":"https:\/\/kirsch-biopharm.com\/?page_id=135"},"modified":"2025-09-30T11:05:13","modified_gmt":"2025-09-30T09:05:13","slug":"test","status":"publish","type":"page","link":"https:\/\/kirsch-biopharm.com\/en\/","title":{"rendered":"Home"},"content":{"rendered":"\t\t<div data-elementor-type=\"wp-page\" data-elementor-id=\"135\" class=\"elementor elementor-135\" data-elementor-post-type=\"page\">\n\t\t\t\t<div class=\"elementor-element elementor-element-2b6ba54 e-con-full e-flex e-con e-parent\" data-id=\"2b6ba54\" data-element_type=\"container\" data-e-type=\"container\" data-settings=\"{&quot;background_background&quot;:&quot;video&quot;,&quot;background_video_link&quot;:&quot;https:\\\/\\\/kirsch-biopharm.com\\\/wp-content\\\/uploads\\\/2025\\\/09\\\/kirsch-biopharm-film.mp4&quot;,&quot;background_play_on_mobile&quot;:&quot;yes&quot;}\">\n\t\t<div class=\"elementor-background-video-container\">\n\t\t\t\t\t\t\t<video class=\"elementor-background-video-hosted\" role=\"presentation\" autoplay muted playsinline loop><\/video>\n\t\t\t\t\t<\/div>\t\t<div class=\"elementor-element elementor-element-a57230e elementor-widget elementor-widget-html\" data-id=\"a57230e\" data-element_type=\"widget\" data-e-type=\"widget\" data-widget_type=\"html.default\">\n\t\t\t\t<div class=\"elementor-widget-container\">\n\t\t\t\t\t<style>\r\n  .headline-container {\r\n    display: flex;\r\n    flex-direction: column;\r\n    justify-content: center;\r\n    align-items: center;\r\n    text-align: center;\r\n  }\r\n\r\n  .animated-headline {\r\n    font-family: 'Gilroy';\r\n    font-size: 50px !important;\r\n    letter-spacing: 0.05em;\r\n    display: flex;\r\n    flex-wrap: wrap;\r\n    justify-content: center;\r\n    color: white !important;\r\n  }\r\n\r\n  .animated-subline {\r\n    font-family: 'Gilroy';\r\n    font-weight: 200;\r\n    font-size: 30px;\r\n    letter-spacing: 0.25em;\r\n    display: flex;\r\n    flex-wrap: wrap;\r\n    justify-content: center;\r\n    color: white;\r\n  }\r\n\r\n  .animated-headline span,\r\n  .animated-subline span {\r\n    opacity: 0;\r\n    display: inline-block;\r\n    transform: translateY(var(--y, 60px)) scale(0.8);\r\n    filter: blur(12px);\r\n    animation: letterFlyIn 1.4s forwards;\r\n  }\r\n\r\n  @keyframes letterFlyIn {\r\n    to {\r\n      opacity: 1;\r\n      transform: translateY(0) scale(1);\r\n      filter: blur(0);\r\n    }\r\n  }\r\n\r\n  @media (max-width: 767px) {\r\n    .animated-headline {\r\n      font-family: 'Gilroy';\r\n      font-size: 35px !important;\r\n    }\r\n\r\n    .animated-subline {\r\n      font-size: 22px;\r\n    }\r\n  }\r\n<\/style>\r\n\r\n<div class=\"headline-container\">\r\n  <h1 class=\"animated-headline\" id=\"headline1\"><\/h1>\r\n  <p class=\"animated-subline\" id=\"headline2\"><\/p>\r\n<\/div>\r\n\r\n<script>\r\n  function animateText(text, containerId) {\r\n    const container = document.getElementById(containerId);\r\n    container.innerHTML = '';\r\n    [...text].forEach((char) => {\r\n      const span = document.createElement('span');\r\n      span.textContent = char === ' ' ? '\\u00A0' : char;\r\n      const delay = (Math.random() * 2.5 + 0.2).toFixed(2);\r\n      const y = Math.random() < 0.5 ? -60 : 60;\r\n      span.style.animationDelay = `${delay}s`;\r\n      span.style.setProperty('--y', `${y}px`);\r\n      container.appendChild(span);\r\n    });\r\n  }\r\n\r\n  const isEnglish = window.location.pathname.startsWith('\/en\/');\r\n  const headline = isEnglish ? 'From Molecules to Miracles' : 'von Molek\u00fclen zu Wundern';\r\n  const subline = isEnglish ? 'Innovation, Quality, Expertise' : 'Innovation, Qualit\u00e4t, Expertise';\r\n\r\n  animateText(headline, 'headline1');\r\n  animateText(subline, 'headline2');\r\n<\/script>\r\n\t\t\t\t<\/div>\n\t\t\t\t<\/div>\n\t\t\t\t<\/div>\n\t\t<div class=\"elementor-element elementor-element-8d1014b e-flex e-con-boxed e-con e-parent\" data-id=\"8d1014b\" data-element_type=\"container\" data-e-type=\"container\">\n\t\t\t\t\t<div class=\"e-con-inner\">\n\t\t<div class=\"elementor-element elementor-element-b2b6c05 e-con-full e-flex e-con e-child\" data-id=\"b2b6c05\" data-element_type=\"container\" data-e-type=\"container\">\n\t\t\t\t<div class=\"elementor-element elementor-element-67f1eaf elementor-widget elementor-widget-heading\" data-id=\"67f1eaf\" data-element_type=\"widget\" data-e-type=\"widget\" data-widget_type=\"heading.default\">\n\t\t\t\t<div class=\"elementor-widget-container\">\n\t\t\t\t\t<h2 class=\"elementor-heading-title elementor-size-default\">Warum Kirsch BioPharm?<\/h2>\t\t\t\t<\/div>\n\t\t\t\t<\/div>\n\t\t\t\t<div class=\"elementor-element elementor-element-665094f elementor-widget elementor-widget-text-editor\" data-id=\"665094f\" data-element_type=\"widget\" data-e-type=\"widget\" data-widget_type=\"text-editor.default\">\n\t\t\t\t<div class=\"elementor-widget-container\">\n\t\t\t\t\t\t\t\t\t<p>Wenn Sie sich f\u00fcr Kirsch BioPharm entscheiden, arbeiten Sie mit einem Unternehmen zusammen, das sich der Transformation des Gesundheitswesens durch Exzellenz, Innovation und Vertrauen widmet. <span data-teams=\"true\">Diese Eigenschaften zeichnen uns aus:<\/span><\/p>\t\t\t\t\t\t\t\t<\/div>\n\t\t\t\t<\/div>\n\t\t\t\t<\/div>\n\t\t<div class=\"elementor-element elementor-element-9221cc7 e-con-full e-flex e-con e-child\" data-id=\"9221cc7\" data-element_type=\"container\" data-e-type=\"container\">\n\t\t<div class=\"elementor-element elementor-element-f0d87a6 e-con-full e-flex elementor-invisible e-con e-child\" data-id=\"f0d87a6\" data-element_type=\"container\" data-e-type=\"container\" data-settings=\"{&quot;animation&quot;:&quot;fadeInUp&quot;}\">\n\t\t\t\t<div class=\"elementor-element elementor-element-19d6e03 elementor-widget elementor-widget-image\" data-id=\"19d6e03\" data-element_type=\"widget\" data-e-type=\"widget\" data-widget_type=\"image.default\">\n\t\t\t\t<div class=\"elementor-widget-container\">\n\t\t\t\t\t\t\t\t\t\t\t\t\t\t\t<img decoding=\"async\" width=\"150\" height=\"150\" src=\"https:\/\/kirsch-biopharm.com\/wp-content\/uploads\/2025\/04\/EXpertise-150x150.png\" class=\"elementor-animation-grow attachment-thumbnail size-thumbnail wp-image-489\" alt=\"\" srcset=\"https:\/\/kirsch-biopharm.com\/wp-content\/uploads\/2025\/04\/EXpertise-150x150.png 150w, https:\/\/kirsch-biopharm.com\/wp-content\/uploads\/2025\/04\/EXpertise-300x300.png 300w, https:\/\/kirsch-biopharm.com\/wp-content\/uploads\/2025\/04\/EXpertise.png 500w\" sizes=\"(max-width: 150px) 100vw, 150px\" title=\"\">\t\t\t\t\t\t\t\t\t\t\t\t\t\t\t<\/div>\n\t\t\t\t<\/div>\n\t\t\t\t<div class=\"elementor-element elementor-element-90cbedc subtitle elementor-widget elementor-widget-heading\" data-id=\"90cbedc\" data-element_type=\"widget\" data-e-type=\"widget\" data-widget_type=\"heading.default\">\n\t\t\t\t<div class=\"elementor-widget-container\">\n\t\t\t\t\t<h3 class=\"elementor-heading-title elementor-size-default\">Vertrauen durch Erfahrung<\/h3>\t\t\t\t<\/div>\n\t\t\t\t<\/div>\n\t\t\t\t<div class=\"elementor-element elementor-element-616246e elementor-widget elementor-widget-text-editor\" data-id=\"616246e\" data-element_type=\"widget\" data-e-type=\"widget\" data-widget_type=\"text-editor.default\">\n\t\t\t\t<div class=\"elementor-widget-container\">\n\t\t\t\t\t\t\t\t\t<p>Mit jahrzehntelanger Erfahrung und als Teil der Kirsch Pharma Group bieten wir stets h\u00f6chste Qualit\u00e4t und Zuverl\u00e4ssigkeit in all unseren L\u00f6sungen.<\/p>\t\t\t\t\t\t\t\t<\/div>\n\t\t\t\t<\/div>\n\t\t\t\t<\/div>\n\t\t<div class=\"elementor-element elementor-element-eced369 e-con-full e-flex elementor-invisible e-con e-child\" data-id=\"eced369\" data-element_type=\"container\" data-e-type=\"container\" data-settings=\"{&quot;animation&quot;:&quot;fadeInUp&quot;}\">\n\t\t\t\t<div class=\"elementor-element elementor-element-98dfb34 elementor-widget elementor-widget-image\" data-id=\"98dfb34\" data-element_type=\"widget\" data-e-type=\"widget\" data-widget_type=\"image.default\">\n\t\t\t\t<div class=\"elementor-widget-container\">\n\t\t\t\t\t\t\t\t\t\t\t\t\t\t\t<img decoding=\"async\" width=\"150\" height=\"150\" src=\"https:\/\/kirsch-biopharm.com\/wp-content\/uploads\/2025\/04\/GlobalImpact-150x150.png\" class=\"elementor-animation-grow attachment-thumbnail size-thumbnail wp-image-492\" alt=\"\" srcset=\"https:\/\/kirsch-biopharm.com\/wp-content\/uploads\/2025\/04\/GlobalImpact-150x150.png 150w, https:\/\/kirsch-biopharm.com\/wp-content\/uploads\/2025\/04\/GlobalImpact-300x300.png 300w, https:\/\/kirsch-biopharm.com\/wp-content\/uploads\/2025\/04\/GlobalImpact.png 500w\" sizes=\"(max-width: 150px) 100vw, 150px\" title=\"\">\t\t\t\t\t\t\t\t\t\t\t\t\t\t\t<\/div>\n\t\t\t\t<\/div>\n\t\t\t\t<div class=\"elementor-element elementor-element-66b75e2 subtitle elementor-widget elementor-widget-heading\" data-id=\"66b75e2\" data-element_type=\"widget\" data-e-type=\"widget\" data-widget_type=\"heading.default\">\n\t\t\t\t<div class=\"elementor-widget-container\">\n\t\t\t\t\t<h3 class=\"elementor-heading-title elementor-size-default\">Weltweiter Einfluss<\/h3>\t\t\t\t<\/div>\n\t\t\t\t<\/div>\n\t\t\t\t<div class=\"elementor-element elementor-element-e63ace3 elementor-widget elementor-widget-text-editor\" data-id=\"e63ace3\" data-element_type=\"widget\" data-e-type=\"widget\" data-widget_type=\"text-editor.default\">\n\t\t\t\t<div class=\"elementor-widget-container\">\n\t\t\t\t\t\t\t\t\t<p>Kunden in \u00fcber 50 L\u00e4ndern vertrauen auf die Produkte von Kirsch BioPharm \u2013 sie verbessern Leben und tragen zu besseren Gesundheitsl\u00f6sungen in verschiedenen Regionen bei.<\/p>\t\t\t\t\t\t\t\t<\/div>\n\t\t\t\t<\/div>\n\t\t\t\t<\/div>\n\t\t<div class=\"elementor-element elementor-element-99ded15 e-con-full e-flex elementor-invisible e-con e-child\" data-id=\"99ded15\" data-element_type=\"container\" data-e-type=\"container\" data-settings=\"{&quot;animation&quot;:&quot;fadeInUp&quot;}\">\n\t\t\t\t<div class=\"elementor-element elementor-element-c8a23b0 elementor-widget elementor-widget-image\" data-id=\"c8a23b0\" data-element_type=\"widget\" data-e-type=\"widget\" data-widget_type=\"image.default\">\n\t\t\t\t<div class=\"elementor-widget-container\">\n\t\t\t\t\t\t\t\t\t\t\t\t\t\t\t<img decoding=\"async\" width=\"150\" height=\"150\" src=\"https:\/\/kirsch-biopharm.com\/wp-content\/uploads\/2025\/04\/CommitmentQuality-150x150.png\" class=\"elementor-animation-grow attachment-thumbnail size-thumbnail wp-image-491\" alt=\"\" srcset=\"https:\/\/kirsch-biopharm.com\/wp-content\/uploads\/2025\/04\/CommitmentQuality-150x150.png 150w, https:\/\/kirsch-biopharm.com\/wp-content\/uploads\/2025\/04\/CommitmentQuality-300x300.png 300w, https:\/\/kirsch-biopharm.com\/wp-content\/uploads\/2025\/04\/CommitmentQuality.png 500w\" sizes=\"(max-width: 150px) 100vw, 150px\" title=\"\">\t\t\t\t\t\t\t\t\t\t\t\t\t\t\t<\/div>\n\t\t\t\t<\/div>\n\t\t\t\t<div class=\"elementor-element elementor-element-c8e27b3 subtitle elementor-widget elementor-widget-heading\" data-id=\"c8e27b3\" data-element_type=\"widget\" data-e-type=\"widget\" data-widget_type=\"heading.default\">\n\t\t\t\t<div class=\"elementor-widget-container\">\n\t\t\t\t\t<h3 class=\"elementor-heading-title elementor-size-default\">Engagement f\u00fcr Qualit\u00e4t<\/h3>\t\t\t\t<\/div>\n\t\t\t\t<\/div>\n\t\t\t\t<div class=\"elementor-element elementor-element-32a05e6 elementor-widget elementor-widget-text-editor\" data-id=\"32a05e6\" data-element_type=\"widget\" data-e-type=\"widget\" data-widget_type=\"text-editor.default\">\n\t\t\t\t<div class=\"elementor-widget-container\">\n\t\t\t\t\t\t\t\t\t<p class=\"\" data-start=\"694\" data-end=\"910\">Wir erf\u00fcllen die h\u00f6chsten internationalen Standards f\u00fcr Sicherheit, Wirksamkeit und Konsistenz, damit jedes Produkt den strengen Anforderungen des globalen Gesundheitsmarktes entspricht.<\/p>\t\t\t\t\t\t\t\t<\/div>\n\t\t\t\t<\/div>\n\t\t\t\t<\/div>\n\t\t<div class=\"elementor-element elementor-element-ae6c920 e-con-full e-flex elementor-invisible e-con e-child\" data-id=\"ae6c920\" data-element_type=\"container\" data-e-type=\"container\" data-settings=\"{&quot;animation&quot;:&quot;fadeInUp&quot;}\">\n\t\t\t\t<div class=\"elementor-element elementor-element-98f2b35 elementor-widget elementor-widget-image\" data-id=\"98f2b35\" data-element_type=\"widget\" data-e-type=\"widget\" data-widget_type=\"image.default\">\n\t\t\t\t<div class=\"elementor-widget-container\">\n\t\t\t\t\t\t\t\t\t\t\t\t\t\t\t<img loading=\"lazy\" decoding=\"async\" width=\"150\" height=\"150\" src=\"https:\/\/kirsch-biopharm.com\/wp-content\/uploads\/2025\/04\/InnovativeApproach-150x150.png\" class=\"elementor-animation-grow attachment-thumbnail size-thumbnail wp-image-490\" alt=\"\" srcset=\"https:\/\/kirsch-biopharm.com\/wp-content\/uploads\/2025\/04\/InnovativeApproach-150x150.png 150w, https:\/\/kirsch-biopharm.com\/wp-content\/uploads\/2025\/04\/InnovativeApproach-300x300.png 300w, https:\/\/kirsch-biopharm.com\/wp-content\/uploads\/2025\/04\/InnovativeApproach.png 500w\" sizes=\"(max-width: 150px) 100vw, 150px\" title=\"\">\t\t\t\t\t\t\t\t\t\t\t\t\t\t\t<\/div>\n\t\t\t\t<\/div>\n\t\t\t\t<div class=\"elementor-element elementor-element-073ec06 subtitle elementor-widget elementor-widget-heading\" data-id=\"073ec06\" data-element_type=\"widget\" data-e-type=\"widget\" data-widget_type=\"heading.default\">\n\t\t\t\t<div class=\"elementor-widget-container\">\n\t\t\t\t\t<h3 class=\"elementor-heading-title elementor-size-default\">Innovativer Ansatz<\/h3>\t\t\t\t<\/div>\n\t\t\t\t<\/div>\n\t\t\t\t<div class=\"elementor-element elementor-element-a938786 elementor-widget elementor-widget-text-editor\" data-id=\"a938786\" data-element_type=\"widget\" data-e-type=\"widget\" data-widget_type=\"text-editor.default\">\n\t\t\t\t<div class=\"elementor-widget-container\">\n\t\t\t\t\t\t\t\t\t<p class=\"\" data-start=\"917\" data-end=\"1140\">Ob bahnbrechende Entwicklungen in Nahrungserg\u00e4nzungsmitteln oder neue Wege in der Biopharmazie \u2013 wir setzen auf Innovation, um den sich wandelnden Bed\u00fcrfnissen im Gesundheitswesen gerecht zu werden.<\/p>\t\t\t\t\t\t\t\t<\/div>\n\t\t\t\t<\/div>\n\t\t\t\t<\/div>\n\t\t\t\t<\/div>\n\t\t\t\t\t<\/div>\n\t\t\t\t<\/div>\n\t\t<div class=\"elementor-element elementor-element-67cd01e e-con-full e-flex e-con e-parent\" data-id=\"67cd01e\" data-element_type=\"container\" data-e-type=\"container\">\n\t\t<div class=\"elementor-element elementor-element-cc61ee3 e-con-full e-flex e-con e-child\" data-id=\"cc61ee3\" data-element_type=\"container\" data-e-type=\"container\" data-settings=\"{&quot;background_background&quot;:&quot;classic&quot;}\">\n\t\t\t\t<\/div>\n\t\t<div class=\"elementor-element elementor-element-33bbf3d e-con-full e-flex e-con e-child\" data-id=\"33bbf3d\" data-element_type=\"container\" data-e-type=\"container\" data-settings=\"{&quot;background_background&quot;:&quot;classic&quot;}\">\n\t\t\t\t<div class=\"elementor-element elementor-element-9360499 elementor-widget elementor-widget-text-editor\" data-id=\"9360499\" data-element_type=\"widget\" data-e-type=\"widget\" data-widget_type=\"text-editor.default\">\n\t\t\t\t<div class=\"elementor-widget-container\">\n\t\t\t\t\t\t\t\t\t<p>Wenn Sie sich f\u00fcr Kirsch BioPharm entscheiden, arbeiten Sie mit einem Unternehmen zusammen, das sich der Transformation des Gesundheitswesens durch pharmazeutische Rohstoffe, Exzellenz, Innovation und Vertrauen widmet. Hier ist, was uns auszeichnet:<\/p>\t\t\t\t\t\t\t\t<\/div>\n\t\t\t\t<\/div>\n\t\t\t\t<div class=\"elementor-element elementor-element-9c8c3f4 elementor-widget elementor-widget-button\" data-id=\"9c8c3f4\" data-element_type=\"widget\" data-e-type=\"widget\" data-widget_type=\"button.default\">\n\t\t\t\t<div class=\"elementor-widget-container\">\n\t\t\t\t\t\t\t\t\t<div class=\"elementor-button-wrapper\">\n\t\t\t\t\t<a class=\"elementor-button elementor-button-link elementor-size-sm elementor-animation-grow\" href=\"https:\/\/kirsch-biopharm.com\/unternehmen\/\">\n\t\t\t\t\t\t<span class=\"elementor-button-content-wrapper\">\n\t\t\t\t\t\t\t\t\t<span class=\"elementor-button-text\">\u00dcber uns<\/span>\n\t\t\t\t\t<\/span>\n\t\t\t\t\t<\/a>\n\t\t\t\t<\/div>\n\t\t\t\t\t\t\t\t<\/div>\n\t\t\t\t<\/div>\n\t\t\t\t<\/div>\n\t\t\t\t<\/div>\n\t\t<div class=\"elementor-element elementor-element-f622d68 e-flex e-con-boxed e-con e-parent\" data-id=\"f622d68\" data-element_type=\"container\" data-e-type=\"container\">\n\t\t\t\t\t<div class=\"e-con-inner\">\n\t\t<div class=\"elementor-element elementor-element-319f524 e-con-full e-flex e-con e-child\" data-id=\"319f524\" data-element_type=\"container\" data-e-type=\"container\">\n\t\t\t\t<div class=\"elementor-element elementor-element-8ae6bc0 elementor-invisible elementor-widget elementor-widget-heading\" data-id=\"8ae6bc0\" data-element_type=\"widget\" data-e-type=\"widget\" data-settings=\"{&quot;_animation&quot;:&quot;fadeInUp&quot;}\" data-widget_type=\"heading.default\">\n\t\t\t\t<div class=\"elementor-widget-container\">\n\t\t\t\t\t<h2 class=\"elementor-heading-title elementor-size-default\">Unsere Marken<\/h2>\t\t\t\t<\/div>\n\t\t\t\t<\/div>\n\t\t\t\t<\/div>\n\t\t<div class=\"elementor-element elementor-element-017ba04 e-flex e-con-boxed e-con e-child\" data-id=\"017ba04\" data-element_type=\"container\" data-e-type=\"container\">\n\t\t\t\t\t<div class=\"e-con-inner\">\n\t\t<div class=\"elementor-element elementor-element-46d74be e-con-full e-flex e-con e-child\" data-id=\"46d74be\" data-element_type=\"container\" data-e-type=\"container\" data-settings=\"{&quot;motion_fx_motion_fx_scrolling&quot;:&quot;yes&quot;,&quot;motion_fx_devices&quot;:[&quot;desktop&quot;,&quot;tablet&quot;,&quot;mobile&quot;]}\">\n\t\t\t\t<div class=\"elementor-element elementor-element-1f7df93 elementor-flip-box--direction-right elementor-flip-box--effect-flip elementor-widget elementor-widget-flip-box\" data-id=\"1f7df93\" data-element_type=\"widget\" data-e-type=\"widget\" data-widget_type=\"flip-box.default\">\n\t\t\t\t<div class=\"elementor-widget-container\">\n\t\t\t\t\t\t\t<div class=\"elementor-flip-box\" tabindex=\"0\">\n\t\t\t<div class=\"elementor-flip-box__layer elementor-flip-box__front\">\n\t\t\t\t<div class=\"elementor-flip-box__layer__overlay\">\n\t\t\t\t\t<div class=\"elementor-flip-box__layer__inner\">\n\t\t\t\t\t\t\t\t\t\t\t\t\t<div class=\"elementor-icon-wrapper elementor-view-default\">\n\t\t\t\t\t\t\t\t<div class=\"elementor-icon\">\n\t\t\t\t\t\t\t\t\t\t\t\t\t\t\t\t\t<\/div>\n\t\t\t\t\t\t\t<\/div>\n\t\t\t\t\t\t\n\t\t\t\t\t\t\n\t\t\t\t\t\t\t\t\t\t\t<\/div>\n\t\t\t\t<\/div>\n\t\t\t<\/div>\n\t\t\t<div class=\"elementor-flip-box__layer elementor-flip-box__back\">\n\t\t\t<div class=\"elementor-flip-box__layer__overlay\">\n\t\t\t\t<div class=\"elementor-flip-box__layer__inner\">\n\t\t\t\t\t\n\t\t\t\t\t\t\t\t\t\t\t<div class=\"elementor-flip-box__layer__description\">\n\t\t\t\t\t\t\tInnovative, hochwertige und wissenschaftlich fundierte Nahrungserg\u00e4nzungsmittel f\u00fcr mehr Wohlbefinden im Alltag.\t\t\t\t\t\t<\/div>\n\t\t\t\t\t\n\t\t\t\t\t\t\t\t\t\t\t<a class=\"elementor-flip-box__button elementor-button elementor-size-sm\" href=\"https:\/\/kirsch-biopharm.com\/savixor\/\">\n\t\t\t\t\t\t\tmehr erfahren\t\t\t\t\t\t<\/a>\n\t\t\t\t\t\t\t\t<\/div>\n\t\t<\/div>\n\t\t<\/div>\n\t\t<\/div>\n\t\t\t\t\t\t<\/div>\n\t\t\t\t<\/div>\n\t\t\t\t<\/div>\n\t\t<div class=\"elementor-element elementor-element-da310e6 e-con-full e-flex e-con e-child\" data-id=\"da310e6\" data-element_type=\"container\" data-e-type=\"container\">\n\t\t\t\t<div class=\"elementor-element elementor-element-635e3a8 elementor-flip-box--direction-right elementor-flip-box--effect-flip elementor-widget elementor-widget-flip-box\" data-id=\"635e3a8\" data-element_type=\"widget\" data-e-type=\"widget\" data-widget_type=\"flip-box.default\">\n\t\t\t\t<div class=\"elementor-widget-container\">\n\t\t\t\t\t\t\t<div class=\"elementor-flip-box\" tabindex=\"0\">\n\t\t\t<div class=\"elementor-flip-box__layer elementor-flip-box__front\">\n\t\t\t\t<div class=\"elementor-flip-box__layer__overlay\">\n\t\t\t\t\t<div class=\"elementor-flip-box__layer__inner\">\n\t\t\t\t\t\t\t\t\t\t\t\t\t<div class=\"elementor-icon-wrapper elementor-view-default\">\n\t\t\t\t\t\t\t\t<div class=\"elementor-icon\">\n\t\t\t\t\t\t\t\t\t\t\t\t\t\t\t\t\t<\/div>\n\t\t\t\t\t\t\t<\/div>\n\t\t\t\t\t\t\n\t\t\t\t\t\t\n\t\t\t\t\t\t\t\t\t\t\t<\/div>\n\t\t\t\t<\/div>\n\t\t\t<\/div>\n\t\t\t<div class=\"elementor-flip-box__layer elementor-flip-box__back\">\n\t\t\t<div class=\"elementor-flip-box__layer__overlay\">\n\t\t\t\t<div class=\"elementor-flip-box__layer__inner\">\n\t\t\t\t\t\n\t\t\t\t\t\t\t\t\t\t\t<div class=\"elementor-flip-box__layer__description\">\n\t\t\t\t\t\t\tMa\u00dfgeschneiderte Premixes \u2013 pr\u00e4zise formuliert f\u00fcr optimale Ern\u00e4hrung und h\u00f6chste Produktqualit\u00e4t.\t\t\t\t\t\t<\/div>\n\t\t\t\t\t\n\t\t\t\t\t\t\t\t\t\t\t<a class=\"elementor-flip-box__button elementor-button elementor-size-sm\" href=\"https:\/\/kirsch-biopharm.com\/savimixor\/\">\n\t\t\t\t\t\t\tmehr erfahren\t\t\t\t\t\t<\/a>\n\t\t\t\t\t\t\t\t<\/div>\n\t\t<\/div>\n\t\t<\/div>\n\t\t<\/div>\n\t\t\t\t\t\t<\/div>\n\t\t\t\t<\/div>\n\t\t\t\t<\/div>\n\t\t\t\t\t<\/div>\n\t\t\t\t<\/div>\n\t\t\t\t\t<\/div>\n\t\t\t\t<\/div>\n\t\t<div class=\"elementor-element elementor-element-53266b3 elementor-hidden-desktop elementor-hidden-tablet elementor-hidden-mobile e-flex e-con-boxed e-con e-parent\" data-id=\"53266b3\" data-element_type=\"container\" data-e-type=\"container\">\n\t\t\t\t\t<div class=\"e-con-inner\">\n\t\t<div class=\"elementor-element elementor-element-804dbf3 e-con-full e-flex e-con e-child\" data-id=\"804dbf3\" data-element_type=\"container\" data-e-type=\"container\">\n\t\t\t\t<div class=\"elementor-element elementor-element-1d983f9 elementor-invisible elementor-widget elementor-widget-heading\" data-id=\"1d983f9\" data-element_type=\"widget\" data-e-type=\"widget\" data-settings=\"{&quot;_animation&quot;:&quot;fadeInUp&quot;}\" data-widget_type=\"heading.default\">\n\t\t\t\t<div class=\"elementor-widget-container\">\n\t\t\t\t\t<h2 class=\"elementor-heading-title elementor-size-default\">Events &amp; Awards<\/h2>\t\t\t\t<\/div>\n\t\t\t\t<\/div>\n\t\t\t\t<\/div>\n\t\t<div class=\"elementor-element elementor-element-669933f e-flex e-con-boxed e-con e-child\" data-id=\"669933f\" data-element_type=\"container\" data-e-type=\"container\">\n\t\t\t\t\t<div class=\"e-con-inner\">\n\t\t\t\t\t<\/div>\n\t\t\t\t<\/div>\n\t\t\t\t\t<\/div>\n\t\t\t\t<\/div>\n\t\t\t\t<\/div>\n\t\t","protected":false},"excerpt":{"rendered":"<p>Warum Kirsch BioPharm? Wenn Sie sich f\u00fcr Kirsch BioPharm entscheiden, arbeiten Sie mit einem Unternehmen zusammen, das sich der Transformation des Gesundheitswesens durch Exzellenz, Innovation und Vertrauen widmet. Diese Eigenschaften zeichnen uns aus: Vertrauen durch Erfahrung Mit jahrzehntelanger Erfahrung und als Teil der Kirsch Pharma Group bieten wir stets h\u00f6chste Qualit\u00e4t und Zuverl\u00e4ssigkeit in all [&hellip;]<\/p>\n","protected":false},"author":5,"featured_media":0,"parent":0,"menu_order":0,"comment_status":"closed","ping_status":"closed","template":"","meta":{"_acf_changed":false,"site-sidebar-layout":"no-sidebar","site-content-layout":"page-builder","ast-site-content-layout":"default","site-content-style":"default","site-sidebar-style":"default","ast-global-header-display":"","ast-banner-title-visibility":"","ast-main-header-display":"","ast-hfb-above-header-display":"","ast-hfb-below-header-display":"","ast-hfb-mobile-header-display":"","site-post-title":"disabled","ast-breadcrumbs-content":"","ast-featured-img":"disabled","footer-sml-layout":"","ast-disable-related-posts":"","theme-transparent-header-meta":"","adv-header-id-meta":"","stick-header-meta":"","header-above-stick-meta":"","header-main-stick-meta":"","header-below-stick-meta":"","astra-migrate-meta-layouts":"default","ast-page-background-enabled":"default","ast-page-background-meta":{"desktop":{"background-color":"","background-image":"","background-repeat":"repeat","background-position":"center center","background-size":"auto","background-attachment":"scroll","background-type":"","background-media":"","overlay-type":"","overlay-color":"","overlay-opacity":"","overlay-gradient":""},"tablet":{"background-color":"","background-image":"","background-repeat":"repeat","background-position":"center center","background-size":"auto","background-attachment":"scroll","background-type":"","background-media":"","overlay-type":"","overlay-color":"","overlay-opacity":"","overlay-gradient":""},"mobile":{"background-color":"","background-image":"","background-repeat":"repeat","background-position":"center center","background-size":"auto","background-attachment":"scroll","background-type":"","background-media":"","overlay-type":"","overlay-color":"","overlay-opacity":"","overlay-gradient":""}},"ast-content-background-meta":{"desktop":{"background-color":"var(--ast-global-color-5)","background-image":"","background-repeat":"repeat","background-position":"center center","background-size":"auto","background-attachment":"scroll","background-type":"","background-media":"","overlay-type":"","overlay-color":"","overlay-opacity":"","overlay-gradient":""},"tablet":{"background-color":"var(--ast-global-color-5)","background-image":"","background-repeat":"repeat","background-position":"center center","background-size":"auto","background-attachment":"scroll","background-type":"","background-media":"","overlay-type":"","overlay-color":"","overlay-opacity":"","overlay-gradient":""},"mobile":{"background-color":"var(--ast-global-color-5)","background-image":"","background-repeat":"repeat","background-position":"center center","background-size":"auto","background-attachment":"scroll","background-type":"","background-media":"","overlay-type":"","overlay-color":"","overlay-opacity":"","overlay-gradient":""}},"footnotes":""},"class_list":["post-135","page","type-page","status-publish","hentry"],"acf":[],"_links":{"self":[{"href":"https:\/\/kirsch-biopharm.com\/en\/wp-json\/wp\/v2\/pages\/135","targetHints":{"allow":["GET"]}}],"collection":[{"href":"https:\/\/kirsch-biopharm.com\/en\/wp-json\/wp\/v2\/pages"}],"about":[{"href":"https:\/\/kirsch-biopharm.com\/en\/wp-json\/wp\/v2\/types\/page"}],"author":[{"embeddable":true,"href":"https:\/\/kirsch-biopharm.com\/en\/wp-json\/wp\/v2\/users\/5"}],"replies":[{"embeddable":true,"href":"https:\/\/kirsch-biopharm.com\/en\/wp-json\/wp\/v2\/comments?post=135"}],"version-history":[{"count":202,"href":"https:\/\/kirsch-biopharm.com\/en\/wp-json\/wp\/v2\/pages\/135\/revisions"}],"predecessor-version":[{"id":3139,"href":"https:\/\/kirsch-biopharm.com\/en\/wp-json\/wp\/v2\/pages\/135\/revisions\/3139"}],"wp:attachment":[{"href":"https:\/\/kirsch-biopharm.com\/en\/wp-json\/wp\/v2\/media?parent=135"}],"curies":[{"name":"wp","href":"https:\/\/api.w.org\/{rel}","templated":true}]}}